{"id":11181,"date":"2023-11-27T23:48:32","date_gmt":"2023-11-27T23:48:32","guid":{"rendered":"https:\/\/codeaura.ai\/?page_id=11181"},"modified":"2025-03-28T16:40:24","modified_gmt":"2025-03-28T16:40:24","slug":"knowledge-base","status":"publish","type":"page","link":"https:\/\/codeaura.ai\/fr\/knowledge-base\/","title":{"rendered":"Base de Connaissances"},"content":{"rendered":"<div data-elementor-type=\"wp-page\" data-elementor-id=\"11181\" class=\"elementor elementor-11181\">\n\t\t\t\t\t\t\t<div class=\"elementor-element elementor-element-a12ea7b features-top-section e-flex e-con-boxed e-con e-parent\" data-id=\"a12ea7b\" data-element_type=\"container\" data-settings=\"{&quot;content_width&quot;:&quot;boxed&quot;}\" data-core-v316-plus=\"true\">\n\t\t\t\t\t<div class=\"e-con-inner\">\n\t\t\t\t<div class=\"txt-block elementor-element elementor-element-e40ee79 elementor-widget elementor-widget-content-text\" data-id=\"e40ee79\" data-element_type=\"widget\" data-widget_type=\"content-text.default\">\n\t\t\t\t<div class=\"elementor-widget-container\">\n\t\t\t<h2 class=\"title-element s-46\">Fonctionnalit\u00e9s \/ Base de Connaissances<\/h2><p class=\"subtitle-element s-21 translation-block\">Favoriser l'Apprentissage Continu &amp;<br \/>le Transfert de Connaissances<\/p><p>Chez CodeAura, nous allons au-del\u00e0 de la modernisation du code. Nous croyons que la r\u00e9tention de connaissances, le transfert et l'apprentissage continu sont essentiels pour toute organisation qui \u00e9volue des syst\u00e8mes h\u00e9rit\u00e9s vers des infrastructures pr\u00eates pour l'avenir. Notre Base de Connaissances aliment\u00e9e par l'IA est con\u00e7ue comme un centre d'apprentissage dynamique qui garantit que vos \u00e9quipes comprennent non seulement le quoi mais aussi le pourquoi derri\u00e8re chaque transformation de code.<\/p>\t\t<\/div>\n\t\t\t\t<\/div>\n\t\t\t\t<div class=\"elementor-element elementor-element-0c0c461 elementor-arrows-position-inside elementor-pagination-position-outside elementor-widget elementor-widget-image-carousel\" data-id=\"0c0c461\" data-element_type=\"widget\" data-settings=\"{&quot;slides_to_show&quot;:&quot;3&quot;,&quot;navigation&quot;:&quot;both&quot;,&quot;autoplay&quot;:&quot;yes&quot;,&quot;pause_on_hover&quot;:&quot;yes&quot;,&quot;pause_on_interaction&quot;:&quot;yes&quot;,&quot;autoplay_speed&quot;:5000,&quot;infinite&quot;:&quot;yes&quot;,&quot;speed&quot;:500}\" data-widget_type=\"image-carousel.default\">\n\t\t\t\t<div class=\"elementor-widget-container\">\n\t\t\t<style>\/*! elementor - v3.17.0 - 08-11-2023 *\/\n.elementor-widget-image-carousel .swiper,.elementor-widget-image-carousel .swiper-container{position:static}.elementor-widget-image-carousel .swiper-container .swiper-slide figure,.elementor-widget-image-carousel .swiper .swiper-slide figure{line-height:inherit}.elementor-widget-image-carousel .swiper-slide{text-align:center}.elementor-image-carousel-wrapper:not(.swiper-container-initialized):not(.swiper-initialized) .swiper-slide{max-width:calc(100% \/ var(--e-image-carousel-slides-to-show, 3))}<\/style>\t\t<div class=\"elementor-image-carousel-wrapper swiper\" dir=\"ltr\">\n\t\t\t<div class=\"elementor-image-carousel swiper-wrapper\" aria-live=\"off\">\n\t\t\t\t\t\t\t\t<div class=\"swiper-slide\" role=\"group\" aria-roledescription=\"slide\" aria-label=\"1 sur 4\"><a data-elementor-open-lightbox=\"yes\" data-elementor-lightbox-slideshow=\"0c0c461\" data-elementor-lightbox-title=\"Knowledge Base\" data-e-action-hash=\"#elementor-action%3Aaction%3Dlightbox%26settings%3DeyJpZCI6MTQxODcsInVybCI6Imh0dHBzOlwvXC9jb2RlYXVyYS5haVwvd3AtY29udGVudFwvdXBsb2Fkc1wvMjAyNVwvMDNcL2NvZGVhdXJhLWtub3dsZWRnZS1iYXNlLnBuZyIsInNsaWRlc2hvdyI6IjBjMGM0NjEifQ%3D%3D\" href=\"https:\/\/codeaura.ai\/wp-content\/uploads\/2025\/03\/codeaura-knowledge-base.png\"><figure class=\"swiper-slide-inner\"><img decoding=\"async\" class=\"swiper-slide-image\" src=\"https:\/\/codeaura.ai\/wp-content\/uploads\/2025\/03\/codeaura-knowledge-base-300x147.png\" alt=\"Knowledge Base\" \/><figcaption class=\"elementor-image-carousel-caption\">Base de Connaissances<\/figcaption><\/figure><\/a><\/div><div class=\"swiper-slide\" role=\"group\" aria-roledescription=\"slide\" aria-label=\"2 sur 4\"><a data-elementor-open-lightbox=\"yes\" data-elementor-lightbox-slideshow=\"0c0c461\" data-elementor-lightbox-title=\"Risk Analysis\" data-e-action-hash=\"#elementor-action%3Aaction%3Dlightbox%26settings%3DeyJpZCI6MTQxODgsInVybCI6Imh0dHBzOlwvXC9jb2RlYXVyYS5haVwvd3AtY29udGVudFwvdXBsb2Fkc1wvMjAyNVwvMDNcL2NvZGVhdXJhLWtub3dsZWRnZS1iYXNlLXJpc2stYW5hbHlzaXMucG5nIiwic2xpZGVzaG93IjoiMGMwYzQ2MSJ9\" href=\"https:\/\/codeaura.ai\/wp-content\/uploads\/2025\/03\/codeaura-knowledge-base-risk-analysis.png\"><figure class=\"swiper-slide-inner\"><img decoding=\"async\" class=\"swiper-slide-image\" src=\"https:\/\/codeaura.ai\/wp-content\/uploads\/2025\/03\/codeaura-knowledge-base-risk-analysis-300x147.png\" alt=\"Risk Analysis\" \/><figcaption class=\"elementor-image-carousel-caption\">Analyse des Risques<\/figcaption><\/figure><\/a><\/div><div class=\"swiper-slide\" role=\"group\" aria-roledescription=\"slide\" aria-label=\"3 sur 4\"><a data-elementor-open-lightbox=\"yes\" data-elementor-lightbox-slideshow=\"0c0c461\" data-elementor-lightbox-title=\"Knowledge Base Deployment\" data-e-action-hash=\"#elementor-action%3Aaction%3Dlightbox%26settings%3DeyJpZCI6MTQxODksInVybCI6Imh0dHBzOlwvXC9jb2RlYXVyYS5haVwvd3AtY29udGVudFwvdXBsb2Fkc1wvMjAyNVwvMDNcL2NvZGVhdXJhLWtub3dsZWRnZS1iYXNlLWRlcGxveW1lbnQucG5nIiwic2xpZGVzaG93IjoiMGMwYzQ2MSJ9\" href=\"https:\/\/codeaura.ai\/wp-content\/uploads\/2025\/03\/codeaura-knowledge-base-deployment.png\"><figure class=\"swiper-slide-inner\"><img decoding=\"async\" class=\"swiper-slide-image\" src=\"https:\/\/codeaura.ai\/wp-content\/uploads\/2025\/03\/codeaura-knowledge-base-deployment-300x147.png\" alt=\"Knowledge Base Deployment\" \/><figcaption class=\"elementor-image-carousel-caption\">D\u00e9ploiement de la Base de Connaissances<\/figcaption><\/figure><\/a><\/div><div class=\"swiper-slide\" role=\"group\" aria-roledescription=\"slide\" aria-label=\"4 sur 4\"><a data-elementor-open-lightbox=\"yes\" data-elementor-lightbox-slideshow=\"0c0c461\" data-elementor-lightbox-title=\"Knowledge Base Onboarding\" data-e-action-hash=\"#elementor-action%3Aaction%3Dlightbox%26settings%3DeyJpZCI6MTQxOTAsInVybCI6Imh0dHBzOlwvXC9jb2RlYXVyYS5haVwvd3AtY29udGVudFwvdXBsb2Fkc1wvMjAyNVwvMDNcL2NvZGVhdXJhLWtub3dsZWRnZS1vbmJvYXJkaW5nLnBuZyIsInNsaWRlc2hvdyI6IjBjMGM0NjEifQ%3D%3D\" href=\"https:\/\/codeaura.ai\/wp-content\/uploads\/2025\/03\/codeaura-knowledge-onboarding.png\"><figure class=\"swiper-slide-inner\"><img decoding=\"async\" class=\"swiper-slide-image\" src=\"https:\/\/codeaura.ai\/wp-content\/uploads\/2025\/03\/codeaura-knowledge-onboarding-300x147.png\" alt=\"Knowledge Base Onboarding\" \/><figcaption class=\"elementor-image-carousel-caption\">Int\u00e9gration \u00e0 la Base de Connaissances<\/figcaption><\/figure><\/a><\/div>\t\t\t<\/div>\n\t\t\t\t\t\t\t\t\t\t\t\t<div class=\"elementor-swiper-button elementor-swiper-button-prev\" role=\"button\" tabindex=\"0\">\n\t\t\t\t\t\t<i aria-hidden=\"true\" class=\"eicon-chevron-left\"><\/i>\t\t\t\t\t<\/div>\n\t\t\t\t\t<div class=\"elementor-swiper-button elementor-swiper-button-next\" role=\"button\" tabindex=\"0\">\n\t\t\t\t\t\t<i aria-hidden=\"true\" class=\"eicon-chevron-right\"><\/i>\t\t\t\t\t<\/div>\n\t\t\t\t\n\t\t\t\t\t\t\t\t\t<div class=\"swiper-pagination\"><\/div>\n\t\t\t\t\t\t\t\t\t<\/div>\n\t\t\t\t<\/div>\n\t\t\t\t<\/div>\n\t\t\t\t<div class=\"elementor-element elementor-element-b67f022 elementor-widget elementor-widget-text-editor\" data-id=\"b67f022\" data-element_type=\"widget\" data-widget_type=\"text-editor.default\">\n\t\t\t\t<div class=\"elementor-widget-container\">\n\t\t\t<style>\/*! elementor - v3.17.0 - 08-11-2023 *\/\n.elementor-widget-text-editor.elementor-drop-cap-view-stacked .elementor-drop-cap{background-color:#69727d;color:#fff}.elementor-widget-text-editor.elementor-drop-cap-view-framed .elementor-drop-cap{color:#69727d;border:3px solid;background-color:transparent}.elementor-widget-text-editor:not(.elementor-drop-cap-view-default) .elementor-drop-cap{margin-top:8px}.elementor-widget-text-editor:not(.elementor-drop-cap-view-default) .elementor-drop-cap-letter{width:1em;height:1em}.elementor-widget-text-editor .elementor-drop-cap{float:left;text-align:center;line-height:1;font-size:50px}.elementor-widget-text-editor .elementor-drop-cap-letter{display:inline-block}<\/style>\t\t\t\t<h4 class=\"translation-block\">Biblioth\u00e8que Intelligente<br \/>de Connaissances<\/h4>\t\t\t\t\t\t<\/div>\n\t\t\t\t<\/div>\n\t\t\t\t<div class=\"elementor-element elementor-element-66bb960 elementor-widget elementor-widget-html\" data-id=\"66bb960\" data-element_type=\"widget\" data-widget_type=\"html.default\">\n\t\t\t\t<div class=\"elementor-widget-container\">\n\t\t\t<table class=\"features-table\">\n    <thead>\n        <tr>\n            <td>Fonctionnalit\u00e9s<\/td>\n            <td>Description<\/td>\n        <\/tr>\n    <\/thead>\n    <tbody>\n        <tr>\n            <td>\n                <img decoding=\"async\" src=\"https:\/\/codeaura.ai\/wp-content\/uploads\/2025\/03\/ImageFeatures_Icon.svg\" class=\"tick-icon\" \/> Naviguer dans les Grandes Bases de Code H\u00e9rit\u00e9es\n            <\/td>\n            <td>\n                <ul>\n                    <li>Fait \u00e9merger instantan\u00e9ment la logique critique pour l'entreprise des syst\u00e8mes COBOL, FORTRAN ou RPG \u00e9tendus gr\u00e2ce \u00e0 la cartographie intelligente du code.<\/li>\n                    <li>Identifie les d\u00e9pendances entre programmes, les flux de donn\u00e9es et les points d'int\u00e9gration qui prendraient autrement des semaines \u00e0 d\u00e9couvrir manuellement.<\/li>\n                    <li>Met en \u00e9vidence les composants non document\u00e9s ou risqu\u00e9s (par exemple, les r\u00e8gles cod\u00e9es en dur, les surcharges manuelles) pour prioriser les efforts de modernisation.<\/li>\n                <\/ul>\n            <\/td>\n        <\/tr>\n        <tr>\n            <td>\n                <img decoding=\"async\" src=\"https:\/\/codeaura.ai\/wp-content\/uploads\/2025\/03\/ImageFeatures_Icon.svg\" class=\"tick-icon\" \/> Acc\u00e9l\u00e9rer l'Int\u00e9gration dans les Environnements H\u00e9rit\u00e9s\n            <\/td>\n            <td>\n                <ul>\n                    <li>Fournit des explications contextuelles des modules et sous-syst\u00e8mes h\u00e9rit\u00e9s, r\u00e9duisant le temps d'int\u00e9gration pour les nouveaux membres de l'\u00e9quipe.<\/li>\n                    <li>Permet aux d\u00e9veloppeurs juniors de poser des questions en langage naturel (\u00ab Que fait cette sous-routine COBOL ? \u00bb) et d'obtenir des r\u00e9ponses fiables.<\/li>\n                    <li>Agit comme une m\u00e9moire persistante de l'\u00e9quipe \u2014 pas besoin de se fier aux connaissances tribales ou de fouiller dans une documentation obsol\u00e8te.<\/li>\n                <\/ul>\n            <\/td>\n        <\/tr>\n        <tr>\n            <td>\n                <img decoding=\"async\" src=\"https:\/\/codeaura.ai\/wp-content\/uploads\/2025\/03\/ImageFeatures_Icon.svg\" class=\"tick-icon\" \/> R\u00e9duire la D\u00e9pendance \u00e0 des Personnes Cl\u00e9s dans les Syst\u00e8mes H\u00e9rit\u00e9s\n            <\/td>\n            <td>\n                <ul>\n                    <li>Codifie des d\u00e9cennies de connaissances syst\u00e8me des ing\u00e9nieurs partants en g\u00e9n\u00e9rant des documentations et des cartes syst\u00e8me aliment\u00e9es par l'IA.<\/li>\n                    <li>Offre un support en libre-service pour les \u00e9quipes internes qui d\u00e9pendraient autrement d'un nombre limit\u00e9 d'experts.<\/li>\n                    <li>Soutient la formation crois\u00e9e en permettant aux \u00e9quipes d'ing\u00e9nierie plus larges d'explorer et de comprendre en toute s\u00e9curit\u00e9 la logique h\u00e9rit\u00e9e.<\/li>\n                <\/ul>\n            <\/td>\n        <\/tr>\n        <tr>\n            <td>\n                <img decoding=\"async\" src=\"https:\/\/codeaura.ai\/wp-content\/uploads\/2025\/03\/ImageFeatures_Icon.svg\" class=\"tick-icon\" \/> Am\u00e9liorer le Transfert de Connaissances Pendant la Modernisation\n            <\/td>\n            <td>\n                <ul>\n                    <li>Annotate automatiquement le code h\u00e9rit\u00e9 avec des informations compr\u00e9hensibles par l'humain pour faciliter la planification de la transition.<\/li>\n                    <li>R\u00e9sum\u00e9 les flux de programmes, les mod\u00e8les de donn\u00e9es et les sch\u00e9mas architecturaux pour soutenir les initiatives de replatforming ou de refactoring.<\/li>\n                    <li>S'int\u00e8gre avec Slack, GitHub ou JIRA pour fournir des informations sur la modernisation l\u00e0 o\u00f9 les \u00e9quipes travaillent d\u00e9j\u00e0.<\/li>\n                <\/ul>\n            <\/td>\n        <\/tr>\n        <tr>\n            <td>\n                <img decoding=\"async\" src=\"https:\/\/codeaura.ai\/wp-content\/uploads\/2025\/03\/ImageFeatures_Icon.svg\" class=\"tick-icon\" \/> Rationaliser la Supervision des Projets H\u00e9rit\u00e9s pour les Leaders Non Techniques\n            <\/td>\n            <td>\n                <ul>\n                    <li>Traduit la dette technique, les goulets d'\u00e9tranglement du syst\u00e8me et les limitations des API en un langage commercial clair.<\/li>\n                    <li>Aide les PM, analystes et responsables de la conformit\u00e9 \u00e0 comprendre o\u00f9 se situent les risques \u2014 et les opportunit\u00e9s \u2014 de la modernisation.<\/li>\n                    <li>Permet aux parties prenantes de poser des questions strat\u00e9giques (\u00ab Quels composants h\u00e9rit\u00e9s affectent notre pr\u00e9paration \u00e0 FedNow ? \u00bb) et d'obtenir des r\u00e9ponses exploitables.<\/li>\n                <\/ul>\n            <\/td>\n        <\/tr>\n        <tr>\n            <td>\n                <img decoding=\"async\" src=\"https:\/\/codeaura.ai\/wp-content\/uploads\/2025\/03\/ImageFeatures_Icon.svg\" class=\"tick-icon\" \/> Optimiser l'Allocation des D\u00e9veloppeurs dans les Projets de Modernisation\n            <\/td>\n            <td>\n                <ul>\n                    <li>R\u00e9duit le temps d'analyse manuel en identifiant les modules \u00e0 faible risque adapt\u00e9s \u00e0 un refactoring automatis\u00e9.<\/li>\n                    <li>Priorise les t\u00e2ches de modernisation en fonction de l'impact commercial et de la complexit\u00e9 technique.<\/li>\n                    <li>Permet aux ing\u00e9nieurs seniors de se concentrer sur les d\u00e9cisions architecturales, tandis que l'IA s'occupe de l'ing\u00e9nierie inverse et de la documentation des syst\u00e8mes h\u00e9rit\u00e9s.<\/li>\n                <\/ul>\n            <\/td>\n        <\/tr>\n    <\/tbody>\n<\/table>\t\t<\/div>\n\t\t\t\t<\/div>\n\t\t\t\t\t<\/div>\n\t\t\t\t<\/div>\n\t\t\t\t\t\t\t<\/div>","protected":false},"excerpt":{"rendered":"<p>Features \/ Knowledge Base Empowering Continuous Learning &#038; Knowledge Transfer At CodeAura, we go beyond code modernization. We believe that knowledge retention, transfer, and continuous learning are critical for any organization evolving from legacy systems to future-ready infrastructures. Our AI-powered Knowledge Base is designed as a dynamic learning hub that ensures your teams understand not&hellip;<\/p>","protected":false},"author":1,"featured_media":0,"parent":0,"menu_order":0,"comment_status":"closed","ping_status":"closed","template":"","meta":{"_mo_disable_npp":"","footnotes":""},"class_list":["post-11181","page","type-page","status-publish","hentry","entry"],"rttpg_featured_image_url":null,"rttpg_author":{"display_name":"suyash@codevigor.com","author_link":"https:\/\/codeaura.ai\/fr\/author\/suyashcodevigor-com\/"},"rttpg_comment":0,"rttpg_category":null,"rttpg_excerpt":"Features \/ Knowledge Base Empowering Continuous Learning &#038; Knowledge Transfer At CodeAura, we go beyond code modernization. We believe that knowledge retention, transfer, and continuous learning are critical for any organization evolving from legacy systems to future-ready infrastructures. Our AI-powered Knowledge Base is designed as a dynamic learning hub that ensures your teams understand not&hellip;","_links":{"self":[{"href":"https:\/\/codeaura.ai\/fr\/wp-json\/wp\/v2\/pages\/11181","targetHints":{"allow":["GET"]}}],"collection":[{"href":"https:\/\/codeaura.ai\/fr\/wp-json\/wp\/v2\/pages"}],"about":[{"href":"https:\/\/codeaura.ai\/fr\/wp-json\/wp\/v2\/types\/page"}],"author":[{"embeddable":true,"href":"https:\/\/codeaura.ai\/fr\/wp-json\/wp\/v2\/users\/1"}],"replies":[{"embeddable":true,"href":"https:\/\/codeaura.ai\/fr\/wp-json\/wp\/v2\/comments?post=11181"}],"version-history":[{"count":38,"href":"https:\/\/codeaura.ai\/fr\/wp-json\/wp\/v2\/pages\/11181\/revisions"}],"predecessor-version":[{"id":14201,"href":"https:\/\/codeaura.ai\/fr\/wp-json\/wp\/v2\/pages\/11181\/revisions\/14201"}],"wp:attachment":[{"href":"https:\/\/codeaura.ai\/fr\/wp-json\/wp\/v2\/media?parent=11181"}],"curies":[{"name":"wp","href":"https:\/\/api.w.org\/{rel}","templated":true}]}}