{"id":11874,"date":"2024-01-28T02:48:06","date_gmt":"2024-01-28T02:48:06","guid":{"rendered":"https:\/\/codeaura.ai\/?page_id=11874"},"modified":"2025-03-28T16:40:48","modified_gmt":"2025-03-28T16:40:48","slug":"documentation","status":"publish","type":"page","link":"https:\/\/codeaura.ai\/fr\/documentation\/","title":{"rendered":"Documentation"},"content":{"rendered":"<div data-elementor-type=\"wp-page\" data-elementor-id=\"11874\" class=\"elementor elementor-11874\">\n\t\t\t\t\t\t\t<div class=\"elementor-element elementor-element-38a660c features-top-section e-flex e-con-boxed e-con e-parent\" data-id=\"38a660c\" data-element_type=\"container\" data-settings=\"{&quot;content_width&quot;:&quot;boxed&quot;}\" data-core-v316-plus=\"true\">\n\t\t\t\t\t<div class=\"e-con-inner\">\n\t\t\t\t<div class=\"txt-block elementor-element elementor-element-80e9088 elementor-widget elementor-widget-content-text\" data-id=\"80e9088\" data-element_type=\"widget\" data-widget_type=\"content-text.default\">\n\t\t\t\t<div class=\"elementor-widget-container\">\n\t\t\t<h2 class=\"title-element s-46\">Fonctionnalit\u00e9s \/ Documentation<\/h2><p class=\"subtitle-element s-21 translation-block\">Transformation de Code Transparente<br>\navec une Documentation Intelligente<\/p><p>Chez CodeAura, nous comprenons que la modernisation des syst\u00e8mes h\u00e9rit\u00e9s ne se r\u00e9sume pas \u00e0 une simple mise \u00e0 niveau du code \u2014 il s'agit aussi de pr\u00e9server le savoir, de garantir la conformit\u00e9 et de faciliter le d\u00e9veloppement futur. Notre fonctionnalit\u00e9 de documentation aliment\u00e9e par l\u2019IA enregistre, structure et organise automatiquement chaque \u00e9tape de votre transformation de code, de l\u2019ancien au moderne, rendant les transitions techniques fluides et transparentes.<\/p>\t\t<\/div>\n\t\t\t\t<\/div>\n\t\t\t\t<div class=\"elementor-element elementor-element-ea5675f elementor-arrows-position-inside elementor-pagination-position-outside elementor-widget elementor-widget-image-carousel\" data-id=\"ea5675f\" data-element_type=\"widget\" data-settings=\"{&quot;slides_to_show&quot;:&quot;3&quot;,&quot;navigation&quot;:&quot;both&quot;,&quot;autoplay&quot;:&quot;yes&quot;,&quot;pause_on_hover&quot;:&quot;yes&quot;,&quot;pause_on_interaction&quot;:&quot;yes&quot;,&quot;autoplay_speed&quot;:5000,&quot;infinite&quot;:&quot;yes&quot;,&quot;speed&quot;:500}\" data-widget_type=\"image-carousel.default\">\n\t\t\t\t<div class=\"elementor-widget-container\">\n\t\t\t<style>\/*! elementor - v3.17.0 - 08-11-2023 *\/\n.elementor-widget-image-carousel .swiper,.elementor-widget-image-carousel .swiper-container{position:static}.elementor-widget-image-carousel .swiper-container .swiper-slide figure,.elementor-widget-image-carousel .swiper .swiper-slide figure{line-height:inherit}.elementor-widget-image-carousel .swiper-slide{text-align:center}.elementor-image-carousel-wrapper:not(.swiper-container-initialized):not(.swiper-initialized) .swiper-slide{max-width:calc(100% \/ var(--e-image-carousel-slides-to-show, 3))}<\/style>\t\t<div class=\"elementor-image-carousel-wrapper swiper\" dir=\"ltr\">\n\t\t\t<div class=\"elementor-image-carousel swiper-wrapper\" aria-live=\"off\">\n\t\t\t\t\t\t\t\t<div class=\"swiper-slide\" role=\"group\" aria-roledescription=\"slide\" aria-label=\"1 sur 4\"><a data-elementor-open-lightbox=\"yes\" data-elementor-lightbox-slideshow=\"ea5675f\" data-elementor-lightbox-title=\"Code Explorer\" data-e-action-hash=\"#elementor-action%3Aaction%3Dlightbox%26settings%3DeyJpZCI6MTQxMjgsInVybCI6Imh0dHBzOlwvXC9jb2RlYXVyYS5haVwvd3AtY29udGVudFwvdXBsb2Fkc1wvMjAyNVwvMDNcL2NvZGVhdXJhLWNvZGUtZXhwbG9yZS5wbmciLCJzbGlkZXNob3ciOiJlYTU2NzVmIn0%3D\" href=\"https:\/\/codeaura.ai\/wp-content\/uploads\/2025\/03\/codeaura-code-explore.png\"><figure class=\"swiper-slide-inner\"><img decoding=\"async\" class=\"swiper-slide-image\" src=\"https:\/\/codeaura.ai\/wp-content\/uploads\/2025\/03\/codeaura-code-explore-300x148.png\" alt=\"Code Explorer\" \/><figcaption class=\"elementor-image-carousel-caption\">Explorateur de code<\/figcaption><\/figure><\/a><\/div><div class=\"swiper-slide\" role=\"group\" aria-roledescription=\"slide\" aria-label=\"2 sur 4\"><a data-elementor-open-lightbox=\"yes\" data-elementor-lightbox-slideshow=\"ea5675f\" data-elementor-lightbox-title=\"Sequence Diagram Generation\" data-e-action-hash=\"#elementor-action%3Aaction%3Dlightbox%26settings%3DeyJpZCI6MTQxMzAsInVybCI6Imh0dHBzOlwvXC9jb2RlYXVyYS5haVwvd3AtY29udGVudFwvdXBsb2Fkc1wvMjAyNVwvMDNcL2NvZGVhdXJhLXNlcXVlbmNlLWRpYWdyYW0tMS5wbmciLCJzbGlkZXNob3ciOiJlYTU2NzVmIn0%3D\" href=\"https:\/\/codeaura.ai\/wp-content\/uploads\/2025\/03\/codeaura-sequence-diagram-1.png\"><figure class=\"swiper-slide-inner\"><img decoding=\"async\" class=\"swiper-slide-image\" src=\"https:\/\/codeaura.ai\/wp-content\/uploads\/2025\/03\/codeaura-sequence-diagram-1-300x148.png\" alt=\"Sequence Diagram Generation\" \/><figcaption class=\"elementor-image-carousel-caption\">G\u00e9n\u00e9ration de diagramme de s\u00e9quence<\/figcaption><\/figure><\/a><\/div><div class=\"swiper-slide\" role=\"group\" aria-roledescription=\"slide\" aria-label=\"3 sur 4\"><a data-elementor-open-lightbox=\"yes\" data-elementor-lightbox-slideshow=\"ea5675f\" data-elementor-lightbox-title=\"File Documentation\" data-e-action-hash=\"#elementor-action%3Aaction%3Dlightbox%26settings%3DeyJpZCI6MTQxMjcsInVybCI6Imh0dHBzOlwvXC9jb2RlYXVyYS5haVwvd3AtY29udGVudFwvdXBsb2Fkc1wvMjAyNVwvMDNcL2NvZGVhdXJhLWZpbGUtZG9jdW1lbnRhdGlvbi5wbmciLCJzbGlkZXNob3ciOiJlYTU2NzVmIn0%3D\" href=\"https:\/\/codeaura.ai\/wp-content\/uploads\/2025\/03\/codeaura-file-documentation.png\"><figure class=\"swiper-slide-inner\"><img decoding=\"async\" class=\"swiper-slide-image\" src=\"https:\/\/codeaura.ai\/wp-content\/uploads\/2025\/03\/codeaura-file-documentation-300x148.png\" alt=\"File Documentation\" \/><figcaption class=\"elementor-image-carousel-caption\">Documentation de fichier<\/figcaption><\/figure><\/a><\/div><div class=\"swiper-slide\" role=\"group\" aria-roledescription=\"slide\" aria-label=\"4 sur 4\"><a data-elementor-open-lightbox=\"yes\" data-elementor-lightbox-slideshow=\"ea5675f\" data-elementor-lightbox-title=\"Feature Extraction\" data-e-action-hash=\"#elementor-action%3Aaction%3Dlightbox%26settings%3DeyJpZCI6MTQxMjksInVybCI6Imh0dHBzOlwvXC9jb2RlYXVyYS5haVwvd3AtY29udGVudFwvdXBsb2Fkc1wvMjAyNVwvMDNcL2NvZGVhdXJhLWZlYXR1cmUtZXh0cmFjdGlvbi5wbmciLCJzbGlkZXNob3ciOiJlYTU2NzVmIn0%3D\" href=\"https:\/\/codeaura.ai\/wp-content\/uploads\/2025\/03\/codeaura-feature-extraction.png\"><figure class=\"swiper-slide-inner\"><img decoding=\"async\" class=\"swiper-slide-image\" src=\"https:\/\/codeaura.ai\/wp-content\/uploads\/2025\/03\/codeaura-feature-extraction-300x148.png\" alt=\"Feature Extraction\" \/><figcaption class=\"elementor-image-carousel-caption\">Extraction de fonctionnalit\u00e9s<\/figcaption><\/figure><\/a><\/div>\t\t\t<\/div>\n\t\t\t\t\t\t\t\t\t\t\t\t<div class=\"elementor-swiper-button elementor-swiper-button-prev\" role=\"button\" tabindex=\"0\">\n\t\t\t\t\t\t<i aria-hidden=\"true\" class=\"eicon-chevron-left\"><\/i>\t\t\t\t\t<\/div>\n\t\t\t\t\t<div class=\"elementor-swiper-button elementor-swiper-button-next\" role=\"button\" tabindex=\"0\">\n\t\t\t\t\t\t<i aria-hidden=\"true\" class=\"eicon-chevron-right\"><\/i>\t\t\t\t\t<\/div>\n\t\t\t\t\n\t\t\t\t\t\t\t\t\t<div class=\"swiper-pagination\"><\/div>\n\t\t\t\t\t\t\t\t\t<\/div>\n\t\t\t\t<\/div>\n\t\t\t\t<\/div>\n\t\t\t\t<div class=\"elementor-element elementor-element-d115787 elementor-widget elementor-widget-text-editor\" data-id=\"d115787\" data-element_type=\"widget\" data-widget_type=\"text-editor.default\">\n\t\t\t\t<div class=\"elementor-widget-container\">\n\t\t\t<style>\/*! elementor - v3.17.0 - 08-11-2023 *\/\n.elementor-widget-text-editor.elementor-drop-cap-view-stacked .elementor-drop-cap{background-color:#69727d;color:#fff}.elementor-widget-text-editor.elementor-drop-cap-view-framed .elementor-drop-cap{color:#69727d;border:3px solid;background-color:transparent}.elementor-widget-text-editor:not(.elementor-drop-cap-view-default) .elementor-drop-cap{margin-top:8px}.elementor-widget-text-editor:not(.elementor-drop-cap-view-default) .elementor-drop-cap-letter{width:1em;height:1em}.elementor-widget-text-editor .elementor-drop-cap{float:left;text-align:center;line-height:1;font-size:50px}.elementor-widget-text-editor .elementor-drop-cap-letter{display:inline-block}<\/style>\t\t\t\t<h4 class=\"translation-block\">Principales Fonctionnalit\u00e9s de la<br \/>Documentation Intelligente de CodeAura<\/h4>\t\t\t\t\t\t<\/div>\n\t\t\t\t<\/div>\n\t\t\t\t<div class=\"elementor-element elementor-element-a5453bd elementor-widget elementor-widget-html\" data-id=\"a5453bd\" data-element_type=\"widget\" data-widget_type=\"html.default\">\n\t\t\t\t<div class=\"elementor-widget-container\">\n\t\t\t<table class=\"features-table\">\n    <thead>\n        <tr>\n            <td>Fonctionnalit\u00e9s<\/td>\n            <td>Description<\/td>\n        <\/tr>\n    <\/thead>\n    <tbody>\n        <tr>\n            <td>\n                <img decoding=\"async\" src=\"https:\/\/codeaura.ai\/wp-content\/uploads\/2025\/03\/ImageFeatures_Icon.svg\" class=\"tick-icon\" \/> Cartographie et Suivi Automatis\u00e9s du Code\n            <\/td>\n            <td>\n                <ul>\n                    <li>L'IA scanne, analyse et documente les structures de code h\u00e9rit\u00e9es avant la conversion.<\/li>\n                    <li>G\u00e9n\u00e8re une comparaison c\u00f4te-\u00e0-c\u00f4te du code h\u00e9rit\u00e9e et moderne pour une r\u00e9f\u00e9rence facile.<\/li>\n                <\/ul>\n            <\/td>\n        <\/tr>\n        <tr>\n            <td>\n                <img decoding=\"async\" src=\"https:\/\/codeaura.ai\/wp-content\/uploads\/2025\/03\/ImageFeatures_Icon.svg\" class=\"tick-icon\" \/> Contr\u00f4le de Version et Historique des Modifications\n            <\/td>\n            <td>\n                <ul>\n                    <li>Maintient un journal d\u00e9taill\u00e9 des transformations de code, garantissant la transparence.<\/li>\n                    <li>Permet de revenir aux versions pr\u00e9c\u00e9dentes si n\u00e9cessaire, offrant ainsi une gestion des versions de sauvegarde.<\/li>\n                <\/ul>\n            <\/td>\n        <\/tr>\n        <tr>\n            <td>\n                <img decoding=\"async\" src=\"https:\/\/codeaura.ai\/wp-content\/uploads\/2025\/03\/ImageFeatures_Icon.svg\" class=\"tick-icon\" \/> Annotations et Commentaires Intelligents\n            <\/td>\n            <td>\n                <ul>\n                    <li>L'IA ajoute automatiquement des commentaires contextuels au code nouvellement g\u00e9n\u00e9r\u00e9.<\/li>\n                    <li>Aide les d\u00e9veloppeurs \u00e0 comprendre pourquoi certaines transformations ont \u00e9t\u00e9 effectu\u00e9es.<\/li>\n                <\/ul>\n            <\/td>\n        <\/tr>\n        <tr>\n            <td>\n                <img decoding=\"async\" src=\"https:\/\/codeaura.ai\/wp-content\/uploads\/2025\/03\/ImageFeatures_Icon.svg\" class=\"tick-icon\" \/> Documentation Standardis\u00e9e pour la Conformit\u00e9\n            <\/td>\n            <td>\n                <ul>\n                    <li>G\u00e9n\u00e8re des rapports structur\u00e9s pour les besoins r\u00e9glementaires et d'audit (L\u00e9gal\/Audit\/Financier\/Risque).<\/li>\n                    <li>Garantit la conformit\u00e9 avec les normes industrielles (par exemple, HIPAA, GDPR, ISO 27001).<\/li>\n                <\/ul>\n            <\/td>\n        <\/tr>\n        <tr>\n            <td>\n                <img decoding=\"async\" src=\"https:\/\/codeaura.ai\/wp-content\/uploads\/2025\/03\/ImageFeatures_Icon.svg\" class=\"tick-icon\" \/> Base de Connaissances Interactive\n            <\/td>\n            <td>\n                <ul>\n                    <li>Fournit un assistant de recherche aliment\u00e9 par l'IA pour r\u00e9cup\u00e9rer la documentation instantan\u00e9ment.<\/li>\n                    <li>Aide les nouveaux membres de l'\u00e9quipe \u00e0 s'int\u00e9grer rapidement avec une courbe d'apprentissage minimale.<\/li>\n                <\/ul>\n            <\/td>\n        <\/tr>\n        <tr>\n            <td>\n                <img decoding=\"async\" src=\"https:\/\/codeaura.ai\/wp-content\/uploads\/2025\/03\/ImageFeatures_Icon.svg\" class=\"tick-icon\" \/> Options d'Exportation et d'Int\u00e9gration\n            <\/td>\n            <td>\n                <ul>\n                    <li>Exporte la documentation au format PDF, Markdown ou compatible avec les API.<\/li>\n                    <li>S'int\u00e8gre de mani\u00e8re transparente avec JIRA, Confluence, GitHub et les wikis d'entreprise.<\/li>\n                <\/ul>\n            <\/td>\n        <\/tr>\n    <\/tbody>\n<\/table>\t\t<\/div>\n\t\t\t\t<\/div>\n\t\t\t\t\t<\/div>\n\t\t\t\t<\/div>\n\t\t\t\t\t\t\t<\/div>","protected":false},"excerpt":{"rendered":"<p>Features \/ Documentation Seamless Code Transformation with Intelligent Documentation At CodeAura, we understand that modernizing legacy systems isn\u2019t just about upgrading code\u2014it\u2019s about preserving knowledge, ensuring compliance, and streamlining future development. Our AI-powered documentation feature automatically records, structures, and organizes every stage of your legacy-to-modern code transformation, making technical transitions effortless and transparent. Code Explorer&hellip;<\/p>","protected":false},"author":1,"featured_media":0,"parent":0,"menu_order":0,"comment_status":"closed","ping_status":"closed","template":"","meta":{"_mo_disable_npp":"","footnotes":""},"class_list":["post-11874","page","type-page","status-publish","hentry","entry"],"rttpg_featured_image_url":null,"rttpg_author":{"display_name":"suyash@codevigor.com","author_link":"https:\/\/codeaura.ai\/fr\/author\/suyashcodevigor-com\/"},"rttpg_comment":0,"rttpg_category":null,"rttpg_excerpt":"Features \/ Documentation Seamless Code Transformation with Intelligent Documentation At CodeAura, we understand that modernizing legacy systems isn\u2019t just about upgrading code\u2014it\u2019s about preserving knowledge, ensuring compliance, and streamlining future development. Our AI-powered documentation feature automatically records, structures, and organizes every stage of your legacy-to-modern code transformation, making technical transitions effortless and transparent. Code Explorer&hellip;","_links":{"self":[{"href":"https:\/\/codeaura.ai\/fr\/wp-json\/wp\/v2\/pages\/11874","targetHints":{"allow":["GET"]}}],"collection":[{"href":"https:\/\/codeaura.ai\/fr\/wp-json\/wp\/v2\/pages"}],"about":[{"href":"https:\/\/codeaura.ai\/fr\/wp-json\/wp\/v2\/types\/page"}],"author":[{"embeddable":true,"href":"https:\/\/codeaura.ai\/fr\/wp-json\/wp\/v2\/users\/1"}],"replies":[{"embeddable":true,"href":"https:\/\/codeaura.ai\/fr\/wp-json\/wp\/v2\/comments?post=11874"}],"version-history":[{"count":58,"href":"https:\/\/codeaura.ai\/fr\/wp-json\/wp\/v2\/pages\/11874\/revisions"}],"predecessor-version":[{"id":14200,"href":"https:\/\/codeaura.ai\/fr\/wp-json\/wp\/v2\/pages\/11874\/revisions\/14200"}],"wp:attachment":[{"href":"https:\/\/codeaura.ai\/fr\/wp-json\/wp\/v2\/media?parent=11874"}],"curies":[{"name":"wp","href":"https:\/\/api.w.org\/{rel}","templated":true}]}}