{"id":14208,"date":"2025-03-28T16:55:00","date_gmt":"2025-03-28T16:55:00","guid":{"rendered":"https:\/\/codeaura.ai\/?page_id=14208"},"modified":"2025-03-28T17:11:11","modified_gmt":"2025-03-28T17:11:11","slug":"legacy-code-migration","status":"publish","type":"page","link":"https:\/\/codeaura.ai\/fr\/legacy-code-migration\/","title":{"rendered":"Migration de Code H\u00e9rit\u00e9"},"content":{"rendered":"<div data-elementor-type=\"wp-page\" data-elementor-id=\"14208\" class=\"elementor elementor-14208\">\n\t\t\t\t\t\t\t<div class=\"elementor-element elementor-element-28b1bdd features-top-section e-flex e-con-boxed e-con e-parent\" data-id=\"28b1bdd\" data-element_type=\"container\" data-settings=\"{&quot;content_width&quot;:&quot;boxed&quot;}\" data-core-v316-plus=\"true\">\n\t\t\t\t\t<div class=\"e-con-inner\">\n\t\t\t\t<div class=\"txt-block elementor-element elementor-element-400aaa7 elementor-widget elementor-widget-content-text\" data-id=\"400aaa7\" data-element_type=\"widget\" data-widget_type=\"content-text.default\">\n\t\t\t\t<div class=\"elementor-widget-container\">\n\t\t\t<h2 class=\"title-element s-46\">Fonctionnalit\u00e9s \/ Migration de Code H\u00e9rit\u00e9<\/h2><p class=\"subtitle-element s-21 translation-block\">Modernisez Plus Intelligent avec la<br \/>Migration de Code H\u00e9rit\u00e9 Aliment\u00e9e par l'IA<\/p><p>D\u00e9verrouillez le plein potentiel de vos actifs logiciels avec le moteur de migration de code intelligent de CodeAura. En utilisant une approche agentique, nous automatisons la transformation des syst\u00e8mes h\u00e9rit\u00e9s\u2014qu'ils soient monolithiques ou modulaires\u2014en architectures modernes et \u00e9pur\u00e9es adapt\u00e9es \u00e0 vos normes d'entreprise. Migrez \u00e0 travers les d\u00e9p\u00f4ts, les langages et les frameworks avec une couverture de tests compl\u00e8te, une pr\u00e9cision contextuelle et un refactoring conscient de l'architecture. Que vous mettiez \u00e0 jour un seul module ou que vous replatformiez un syst\u00e8me entier, nous rendons la modernisation rapide, s\u00e9curis\u00e9e et \u00e9volutive.<\/p>\t\t<\/div>\n\t\t\t\t<\/div>\n\t\t\t\t<div class=\"elementor-element elementor-element-7b9a7de elementor-arrows-position-inside elementor-pagination-position-outside elementor-widget elementor-widget-image-carousel\" data-id=\"7b9a7de\" data-element_type=\"widget\" data-settings=\"{&quot;slides_to_show&quot;:&quot;3&quot;,&quot;navigation&quot;:&quot;both&quot;,&quot;autoplay&quot;:&quot;yes&quot;,&quot;pause_on_hover&quot;:&quot;yes&quot;,&quot;pause_on_interaction&quot;:&quot;yes&quot;,&quot;autoplay_speed&quot;:5000,&quot;infinite&quot;:&quot;yes&quot;,&quot;speed&quot;:500}\" data-widget_type=\"image-carousel.default\">\n\t\t\t\t<div class=\"elementor-widget-container\">\n\t\t\t<style>\/*! elementor - v3.17.0 - 08-11-2023 *\/\n.elementor-widget-image-carousel .swiper,.elementor-widget-image-carousel .swiper-container{position:static}.elementor-widget-image-carousel .swiper-container .swiper-slide figure,.elementor-widget-image-carousel .swiper .swiper-slide figure{line-height:inherit}.elementor-widget-image-carousel .swiper-slide{text-align:center}.elementor-image-carousel-wrapper:not(.swiper-container-initialized):not(.swiper-initialized) .swiper-slide{max-width:calc(100% \/ var(--e-image-carousel-slides-to-show, 3))}<\/style>\t\t<div class=\"elementor-image-carousel-wrapper swiper\" dir=\"ltr\">\n\t\t\t<div class=\"elementor-image-carousel swiper-wrapper\" aria-live=\"off\">\n\t\t\t\t\t\t\t\t<div class=\"swiper-slide\" role=\"group\" aria-roledescription=\"slide\" aria-label=\"1 sur 3\"><a data-elementor-open-lightbox=\"yes\" data-elementor-lightbox-slideshow=\"7b9a7de\" data-elementor-lightbox-title=\"Legacy Code Migration - COBOL to NodeJS\" data-e-action-hash=\"#elementor-action%3Aaction%3Dlightbox%26settings%3DeyJpZCI6MTQyMTcsInVybCI6Imh0dHBzOlwvXC9jb2RlYXVyYS5haVwvd3AtY29udGVudFwvdXBsb2Fkc1wvMjAyNVwvMDNcL2NvZGVhdXJhLWNvZGUtbWlncmF0aW9uLWNvYm9sLW5vZGVqcy5wbmciLCJzbGlkZXNob3ciOiI3YjlhN2RlIn0%3D\" href=\"https:\/\/codeaura.ai\/wp-content\/uploads\/2025\/03\/codeaura-code-migration-cobol-nodejs.png\"><figure class=\"swiper-slide-inner\"><img decoding=\"async\" class=\"swiper-slide-image\" src=\"https:\/\/codeaura.ai\/wp-content\/uploads\/2025\/03\/codeaura-code-migration-cobol-nodejs-300x147.png\" alt=\"Legacy Code Migration - COBOL to NodeJS\" \/><figcaption class=\"elementor-image-carousel-caption\">Migration de Code H\u00e9rit\u00e9 - COBOL vers NodeJS<\/figcaption><\/figure><\/a><\/div><div class=\"swiper-slide\" role=\"group\" aria-roledescription=\"slide\" aria-label=\"2 sur 3\"><a data-elementor-open-lightbox=\"yes\" data-elementor-lightbox-slideshow=\"7b9a7de\" data-elementor-lightbox-title=\"Legacy Code Migration Implementation Plan\" data-e-action-hash=\"#elementor-action%3Aaction%3Dlightbox%26settings%3DeyJpZCI6MTQyMTgsInVybCI6Imh0dHBzOlwvXC9jb2RlYXVyYS5haVwvd3AtY29udGVudFwvdXBsb2Fkc1wvMjAyNVwvMDNcL2NvZGUtbWlncmF0aW9uLWltcGxlbWVudGF0aW9uLXBsYW4ucG5nIiwic2xpZGVzaG93IjoiN2I5YTdkZSJ9\" href=\"https:\/\/codeaura.ai\/wp-content\/uploads\/2025\/03\/code-migration-implementation-plan.png\"><figure class=\"swiper-slide-inner\"><img decoding=\"async\" class=\"swiper-slide-image\" src=\"https:\/\/codeaura.ai\/wp-content\/uploads\/2025\/03\/code-migration-implementation-plan-300x147.png\" alt=\"Legacy Code Migration Implementation Plan\" \/><figcaption class=\"elementor-image-carousel-caption\">Plan de Mise en \u0152uvre de la Migration de Code H\u00e9rit\u00e9<\/figcaption><\/figure><\/a><\/div><div class=\"swiper-slide\" role=\"group\" aria-roledescription=\"slide\" aria-label=\"3 sur 3\"><a data-elementor-open-lightbox=\"yes\" data-elementor-lightbox-slideshow=\"7b9a7de\" data-elementor-lightbox-title=\"Legacy Code Migration Code Diff\" data-e-action-hash=\"#elementor-action%3Aaction%3Dlightbox%26settings%3DeyJpZCI6MTQyMTksInVybCI6Imh0dHBzOlwvXC9jb2RlYXVyYS5haVwvd3AtY29udGVudFwvdXBsb2Fkc1wvMjAyNVwvMDNcL2NvZGUtbWlncmF0aW9uLWNvZGUtZGlmZi5wbmciLCJzbGlkZXNob3ciOiI3YjlhN2RlIn0%3D\" href=\"https:\/\/codeaura.ai\/wp-content\/uploads\/2025\/03\/code-migration-code-diff.png\"><figure class=\"swiper-slide-inner\"><img decoding=\"async\" class=\"swiper-slide-image\" src=\"https:\/\/codeaura.ai\/wp-content\/uploads\/2025\/03\/code-migration-code-diff-300x147.png\" alt=\"Legacy Code Migration Code Diff\" \/><figcaption class=\"elementor-image-carousel-caption\">Diff de Code de Migration de Code H\u00e9rit\u00e9<\/figcaption><\/figure><\/a><\/div>\t\t\t<\/div>\n\t\t\t\t\t\t\t\t\t\t\t\t<div class=\"elementor-swiper-button elementor-swiper-button-prev\" role=\"button\" tabindex=\"0\">\n\t\t\t\t\t\t<i aria-hidden=\"true\" class=\"eicon-chevron-left\"><\/i>\t\t\t\t\t<\/div>\n\t\t\t\t\t<div class=\"elementor-swiper-button elementor-swiper-button-next\" role=\"button\" tabindex=\"0\">\n\t\t\t\t\t\t<i aria-hidden=\"true\" class=\"eicon-chevron-right\"><\/i>\t\t\t\t\t<\/div>\n\t\t\t\t\n\t\t\t\t\t\t\t\t\t<div class=\"swiper-pagination\"><\/div>\n\t\t\t\t\t\t\t\t\t<\/div>\n\t\t\t\t<\/div>\n\t\t\t\t<\/div>\n\t\t\t\t<div class=\"elementor-element elementor-element-05bac19 elementor-widget elementor-widget-text-editor\" data-id=\"05bac19\" data-element_type=\"widget\" data-widget_type=\"text-editor.default\">\n\t\t\t\t<div class=\"elementor-widget-container\">\n\t\t\t<style>\/*! elementor - v3.17.0 - 08-11-2023 *\/\n.elementor-widget-text-editor.elementor-drop-cap-view-stacked .elementor-drop-cap{background-color:#69727d;color:#fff}.elementor-widget-text-editor.elementor-drop-cap-view-framed .elementor-drop-cap{color:#69727d;border:3px solid;background-color:transparent}.elementor-widget-text-editor:not(.elementor-drop-cap-view-default) .elementor-drop-cap{margin-top:8px}.elementor-widget-text-editor:not(.elementor-drop-cap-view-default) .elementor-drop-cap-letter{width:1em;height:1em}.elementor-widget-text-editor .elementor-drop-cap{float:left;text-align:center;line-height:1;font-size:50px}.elementor-widget-text-editor .elementor-drop-cap-letter{display:inline-block}<\/style>\t\t\t\t<h4>Migration de Code avec<\/h4><h4>Pr\u00e9cision Aliment\u00e9e par l'IA<\/h4>\t\t\t\t\t\t<\/div>\n\t\t\t\t<\/div>\n\t\t\t\t<div class=\"elementor-element elementor-element-88c3260 elementor-widget elementor-widget-html\" data-id=\"88c3260\" data-element_type=\"widget\" data-widget_type=\"html.default\">\n\t\t\t\t<div class=\"elementor-widget-container\">\n\t\t\t<table class=\"features-table\">\n    <thead>\n        <tr>\n            <td>Fonctionnalit\u00e9s<\/td>\n            <td>Description<\/td>\n        <\/tr>\n    <\/thead>\n    <tbody>\n        <tr>\n            <td>\n                <img decoding=\"async\" src=\"https:\/\/codeaura.ai\/wp-content\/uploads\/2025\/03\/ImageFeatures_Icon.svg\" class=\"tick-icon\" \/> Cadre de Migration de Code Agentique\n            <\/td>\n            <td>\n                <ul>\n                    <li>Utilise des agents intelligents pour planifier, ex\u00e9cuter et valider les migrations de code.<\/li>\n                    <li>Automatise les t\u00e2ches de refactoring multi-\u00e9tapes tout en pr\u00e9servant la logique et le contexte.<\/li>\n                    <li>S'adapte dynamiquement aux cas limites au sein de syst\u00e8mes complexes.<\/li>\n                <\/ul>\n            <\/td>\n        <\/tr>\n        <tr>\n            <td>\n                <img decoding=\"async\" src=\"https:\/\/codeaura.ai\/wp-content\/uploads\/2025\/03\/ImageFeatures_Icon.svg\" class=\"tick-icon\" \/> Support de Migration Multi-D\u00e9p\u00f4ts\n            <\/td>\n            <td>\n                <ul>\n                    <li>Migre le code entre un ou plusieurs d\u00e9p\u00f4ts source.<\/li>\n                    <li>Supporte les cibles multi-destinations (par exemple, s\u00e9paration en frontend, backend, services).<\/li>\n                    <li>Retient l'historique des versions et le contexte Git lorsque cela est applicable.<\/li>\n                <\/ul>\n            <\/td>\n        <\/tr>\n        <tr>\n            <td>\n                <img decoding=\"async\" src=\"https:\/\/codeaura.ai\/wp-content\/uploads\/2025\/03\/ImageFeatures_Icon.svg\" class=\"tick-icon\" \/> Transformation de Code Multi-Langage\n            <\/td>\n            <td>\n                <ul>\n                    <li>Traduit le code h\u00e9rit\u00e9 (par exemple, COBOL, Delphi) en piles modernes comme Java, C#, Python ou TypeScript.<\/li>\n                    <li>Supporte les architectures polyglottes avec des conversions cibl\u00e9es.<\/li>\n                    <li>Pr\u00e9serve la logique de domaine et l'int\u00e9grit\u00e9 algorithmique lors de la conversion.<\/li>\n                <\/ul>\n            <\/td>\n        <\/tr>\n        <tr>\n            <td>\n                <img decoding=\"async\" src=\"https:\/\/codeaura.ai\/wp-content\/uploads\/2025\/03\/ImageFeatures_Icon.svg\" class=\"tick-icon\" \/> Refactoring Conscient de l'Architecture\n            <\/td>\n            <td>\n                <ul>\n                    <li>Divise les monolithes en microservices, modules pilot\u00e9s par le domaine ou s\u00e9parations claires des couches.<\/li>\n                    <li>Organise les d\u00e9p\u00f4ts cibles par fonction : API, services, frontend, backend.<\/li>\n                    <li>Permet l'alignement de l'entreprise avec les normes architecturales modernes.<\/li>\n                <\/ul>\n            <\/td>\n        <\/tr>\n        <tr>\n            <td>\n                <img decoding=\"async\" src=\"https:\/\/codeaura.ai\/wp-content\/uploads\/2025\/03\/ImageFeatures_Icon.svg\" class=\"tick-icon\" \/> G\u00e9n\u00e9ration et Validation de Tests Int\u00e9gr\u00e9s\n            <\/td>\n            <td>\n                <ul>\n                    <li>G\u00e9n\u00e8re automatiquement des tests unitaires, d'int\u00e9gration et de r\u00e9gression en parall\u00e8le du code migr\u00e9.<\/li>\n                    <li>Utilise la fonctionnalit\u00e9 d'origine comme r\u00e9f\u00e9rence pour la cr\u00e9ation des cas de tests.<\/li>\n                    <li>Aide \u00e0 garantir l'\u00e9quivalence fonctionnelle avant la mise en production.<\/li>\n                <\/ul>\n            <\/td>\n        <\/tr>\n        <tr>\n            <td>\n                <img decoding=\"async\" src=\"https:\/\/codeaura.ai\/wp-content\/uploads\/2025\/03\/ImageFeatures_Icon.svg\" class=\"tick-icon\" \/> Migration Contextuelle Bas\u00e9e sur des Normes\n            <\/td>\n            <td>\n                <ul>\n                    <li>Respecte les normes de codage existantes\u2014ou applique de nouvelles \u00e0 l'\u00e9chelle de l'entreprise.<\/li>\n                    <li>Analyse l'int\u00e9gralit\u00e9 des modules et des flux, pas seulement des fichiers individuels.<\/li>\n                    <li>Permet une migration s\u00e9lective par module, service ou port\u00e9e compl\u00e8te de l'application.<\/li>\n                <\/ul>\n            <\/td>\n        <\/tr>\n    <\/tbody>\n<\/table>\t\t<\/div>\n\t\t\t\t<\/div>\n\t\t\t\t\t<\/div>\n\t\t\t\t<\/div>\n\t\t\t\t\t\t\t<\/div>","protected":false},"excerpt":{"rendered":"<p>Features \/ Legacy Code Migration Modernize Smarter with AI-Powered Legacy Code Migration Unlock the full potential of your software assets with CodeAura\u2019s intelligent code migration engine. Using an agentic approach, we automate the transformation of legacy systems\u2014whether monolithic or modular\u2014into clean, modern architectures tailored to your enterprise standards. Migrate across repositories, languages, and frameworks with&hellip;<\/p>","protected":false},"author":1,"featured_media":0,"parent":0,"menu_order":0,"comment_status":"closed","ping_status":"closed","template":"","meta":{"_mo_disable_npp":"","footnotes":""},"class_list":["post-14208","page","type-page","status-publish","hentry","entry"],"rttpg_featured_image_url":null,"rttpg_author":{"display_name":"suyash@codevigor.com","author_link":"https:\/\/codeaura.ai\/fr\/author\/suyashcodevigor-com\/"},"rttpg_comment":0,"rttpg_category":null,"rttpg_excerpt":"Features \/ Legacy Code Migration Modernize Smarter with AI-Powered Legacy Code Migration Unlock the full potential of your software assets with CodeAura\u2019s intelligent code migration engine. Using an agentic approach, we automate the transformation of legacy systems\u2014whether monolithic or modular\u2014into clean, modern architectures tailored to your enterprise standards. Migrate across repositories, languages, and frameworks with&hellip;","_links":{"self":[{"href":"https:\/\/codeaura.ai\/fr\/wp-json\/wp\/v2\/pages\/14208","targetHints":{"allow":["GET"]}}],"collection":[{"href":"https:\/\/codeaura.ai\/fr\/wp-json\/wp\/v2\/pages"}],"about":[{"href":"https:\/\/codeaura.ai\/fr\/wp-json\/wp\/v2\/types\/page"}],"author":[{"embeddable":true,"href":"https:\/\/codeaura.ai\/fr\/wp-json\/wp\/v2\/users\/1"}],"replies":[{"embeddable":true,"href":"https:\/\/codeaura.ai\/fr\/wp-json\/wp\/v2\/comments?post=14208"}],"version-history":[{"count":7,"href":"https:\/\/codeaura.ai\/fr\/wp-json\/wp\/v2\/pages\/14208\/revisions"}],"predecessor-version":[{"id":14222,"href":"https:\/\/codeaura.ai\/fr\/wp-json\/wp\/v2\/pages\/14208\/revisions\/14222"}],"wp:attachment":[{"href":"https:\/\/codeaura.ai\/fr\/wp-json\/wp\/v2\/media?parent=14208"}],"curies":[{"name":"wp","href":"https:\/\/api.w.org\/{rel}","templated":true}]}}