{"id":4682,"date":"2023-08-08T05:57:28","date_gmt":"2023-08-08T05:57:28","guid":{"rendered":"https:\/\/jthemes.net\/themes\/wp\/martex\/?page_id=4682"},"modified":"2025-03-18T04:04:01","modified_gmt":"2025-03-18T04:04:01","slug":"blog","status":"publish","type":"page","link":"https:\/\/codeaura.ai\/fr\/blog\/","title":{"rendered":"Blog"},"content":{"rendered":"<div data-elementor-type=\"wp-page\" data-elementor-id=\"4682\" class=\"elementor elementor-4682\">\n\t\t\t\t\t\t\t<div class=\"elementor-element elementor-element-e98721d e-flex e-con-boxed e-con e-parent\" data-id=\"e98721d\" data-element_type=\"container\" data-settings=\"{&quot;content_width&quot;:&quot;boxed&quot;}\" data-core-v316-plus=\"true\">\n\t\t\t\t\t<div class=\"e-con-inner\">\n\t\t\t\t<div class=\"elementor-element elementor-element-9704aa2 title_position_default title_hover_border_default title-default img_hover_animation_default readmore-btn-default-style grid-hover-overlay-type-always tpg-el-box-border-enable tpg-border-bottom-disable elementor-widget elementor-widget-tpg-grid-layout\" data-id=\"9704aa2\" data-element_type=\"widget\" data-widget_type=\"tpg-grid-layout.default\">\n\t\t\t\t<div class=\"elementor-widget-container\">\n\t\t\t\t\t<div class=\"rt-container-fluid rt-tpg-container tpg-el-main-wrapper clearfix grid-layout4-main\"\n\t\t\t id=\"rt-tpg-container-130695479\"\n\t\t\t data-layout=\"grid-layout4\"\n\t\t\t data-grid-style=\"tpg-full-height\"\n\t\t\t data-sc-id=\"elementor\"\n\t\t\t data-el-settings=''\n\t\t\t data-el-query=''\n\t\t\t data-el-path=''\n\t\t>\n\n\t\t\t\t\t\t<div class='tpg-header-wrapper'>\n\t\t\t\t\t\t\t<\/div>\n\n\t\t\t<div data-title=\"Loading ...\" class=\"rt-row rt-content-loader grid-layout4 grid-behaviour tpg-full-height grid_layout_wrapper\">\n\t\t\t\t\n<div class=\"rt-col-md-4 rt-col-sm-6 rt-col-xs-12 default rt-grid-item\" data-id=\"15078\">\n\t<div class=\"rt-holder tpg-post-holder\">\n\t\t<div class=\"rt-detail rt-el-content-wrapper\">\n\t\t\t\t\t\t\t<div class=\"rt-img-holder tpg-el-image-wrap has-thumbnail\">\n\t\t\t\t\t<a data-id=\"15078\" href=\"https:\/\/codeaura.ai\/fr\/10-what-modernization-partners-must-prove-in-the-first-30-days-to-win-enterprise-trust\/\" class=\"tpg-post-link\" target=\"_self\">\t\t\t\t\t\t<img fetchpriority=\"high\" decoding=\"async\" src=\"https:\/\/codeaura.ai\/wp-content\/uploads\/2026\/02\/What-Modernization-Partners-Must-Prove-in-the-First-30-Days-to-Win-Enterprise-Trust-768x429.jpg\"\n\t\t\t\t\t\t\t class=\"rt-img-responsive\"\n\t\t\t\t\t\t\t width=\"768\"\n\t\t\t\t\t\t\t height=\"429\"\n\t\t\t\t\t\t\t alt=\"What Modernization Partners Must Prove in the First 30 Days to Win Enterprise Trust\">\n\t\t\t\t\t\t\n\t\t\t\t\t\t\t\n\t\t<\/a>\n\t\t\t\t<div class=\"overlay grid-hover-content\"><\/div>\n\t\t\t\t\t\t<\/div>\n\t\t\t\n\t\t\t<div class=\"entry-title-wrapper\"><h3 class=\"entry-title\"><a data-id=\"15078\" href=\"https:\/\/codeaura.ai\/fr\/10-what-modernization-partners-must-prove-in-the-first-30-days-to-win-enterprise-trust\/\" class=\"tpg-post-link\" target=\"_self\">What Modernization Partners Must Prove in the First 30 Days to Win Enterprise Trust<\/a><\/h3><\/div>\n\t\t\t\n\t\t\t\n\t\t\t\t\t<div class=\"post-footer\">\n\t\t\t<div class=\"post-footer\">\n\t\t\t\t<div class=\"read-more\">\n\t\t\t\t\t<a data-id=\"15078\" href=\"https:\/\/codeaura.ai\/fr\/10-what-modernization-partners-must-prove-in-the-first-30-days-to-win-enterprise-trust\/\" class=\"tpg-post-link\" target=\"_self\">Lire la suite<\/a>\t\t\t\t<\/div>\n\t\t\t<\/div>\n\t\t<\/div>\n\t\t\t\t<\/div>\n\t<\/div>\n<\/div>\n\n<div class=\"rt-col-md-4 rt-col-sm-6 rt-col-xs-12 default rt-grid-item\" data-id=\"15137\">\n\t<div class=\"rt-holder tpg-post-holder\">\n\t\t<div class=\"rt-detail rt-el-content-wrapper\">\n\t\t\t\t\t\t\t<div class=\"rt-img-holder tpg-el-image-wrap has-thumbnail\">\n\t\t\t\t\t<a data-id=\"15137\" href=\"https:\/\/codeaura.ai\/fr\/cnpj-adequacao-a-nova-regulamentacao-para-julho-2026\/\" class=\"tpg-post-link\" target=\"_self\">\t\t\t\t\t\t<img decoding=\"async\" src=\"https:\/\/codeaura.ai\/wp-content\/uploads\/2026\/03\/CNPJ-Alfanumerico-no-Brasil-Como-as-Empresas-Devem-se-Preparar-para-2026-768x439.jpg\"\n\t\t\t\t\t\t\t class=\"rt-img-responsive\"\n\t\t\t\t\t\t\t width=\"768\"\n\t\t\t\t\t\t\t height=\"439\"\n\t\t\t\t\t\t\t alt=\"CNPJ Alfanum\u00e9rico no Brasil - Como as Empresas Devem se Preparar para 2026\">\n\t\t\t\t\t\t\n\t\t\t\t\t\t\t\n\t\t<\/a>\n\t\t\t\t<div class=\"overlay grid-hover-content\"><\/div>\n\t\t\t\t\t\t<\/div>\n\t\t\t\n\t\t\t<div class=\"entry-title-wrapper\"><h3 class=\"entry-title\"><a data-id=\"15137\" href=\"https:\/\/codeaura.ai\/fr\/cnpj-adequacao-a-nova-regulamentacao-para-julho-2026\/\" class=\"tpg-post-link\" target=\"_self\">CNPJ \u2013 Adequa\u00e7\u00e3o a Nova Regulamenta\u00e7\u00e3o para Julho 2026<\/a><\/h3><\/div>\n\t\t\t\n\t\t\t\n\t\t\t\t\t<div class=\"post-footer\">\n\t\t\t<div class=\"post-footer\">\n\t\t\t\t<div class=\"read-more\">\n\t\t\t\t\t<a data-id=\"15137\" href=\"https:\/\/codeaura.ai\/fr\/cnpj-adequacao-a-nova-regulamentacao-para-julho-2026\/\" class=\"tpg-post-link\" target=\"_self\">Lire la suite<\/a>\t\t\t\t<\/div>\n\t\t\t<\/div>\n\t\t<\/div>\n\t\t\t\t<\/div>\n\t<\/div>\n<\/div>\n\n<div class=\"rt-col-md-4 rt-col-sm-6 rt-col-xs-12 default rt-grid-item\" data-id=\"15060\">\n\t<div class=\"rt-holder tpg-post-holder\">\n\t\t<div class=\"rt-detail rt-el-content-wrapper\">\n\t\t\t\t\t\t\t<div class=\"rt-img-holder tpg-el-image-wrap has-thumbnail\">\n\t\t\t\t\t<a data-id=\"15060\" href=\"https:\/\/codeaura.ai\/fr\/the-hidden-integration-tax-of-legacy-systems-and-how-it-compounds-over-time\/\" class=\"tpg-post-link\" target=\"_self\">\t\t\t\t\t\t<img decoding=\"async\" src=\"https:\/\/codeaura.ai\/wp-content\/uploads\/2026\/02\/The-Hidden-Integration-Tax-of-Legacy-Systems-\u2014-And-How-It-Compounds-Over-Time-768x428.jpg\"\n\t\t\t\t\t\t\t class=\"rt-img-responsive\"\n\t\t\t\t\t\t\t width=\"768\"\n\t\t\t\t\t\t\t height=\"428\"\n\t\t\t\t\t\t\t alt=\"The Hidden Integration Tax of Legacy Systems \u2014 And How It Compounds Over Time\">\n\t\t\t\t\t\t\n\t\t\t\t\t\t\t\n\t\t<\/a>\n\t\t\t\t<div class=\"overlay grid-hover-content\"><\/div>\n\t\t\t\t\t\t<\/div>\n\t\t\t\n\t\t\t<div class=\"entry-title-wrapper\"><h3 class=\"entry-title\"><a data-id=\"15060\" href=\"https:\/\/codeaura.ai\/fr\/the-hidden-integration-tax-of-legacy-systems-and-how-it-compounds-over-time\/\" class=\"tpg-post-link\" target=\"_self\">The Hidden Integration Tax of Legacy Systems \u2014 And How It Compounds Over Time<\/a><\/h3><\/div>\n\t\t\t\n\t\t\t\n\t\t\t\t\t<div class=\"post-footer\">\n\t\t\t<div class=\"post-footer\">\n\t\t\t\t<div class=\"read-more\">\n\t\t\t\t\t<a data-id=\"15060\" href=\"https:\/\/codeaura.ai\/fr\/the-hidden-integration-tax-of-legacy-systems-and-how-it-compounds-over-time\/\" class=\"tpg-post-link\" target=\"_self\">Lire la suite<\/a>\t\t\t\t<\/div>\n\t\t\t<\/div>\n\t\t<\/div>\n\t\t\t\t<\/div>\n\t<\/div>\n<\/div>\n\n<div class=\"rt-col-md-4 rt-col-sm-6 rt-col-xs-12 default rt-grid-item\" data-id=\"15053\">\n\t<div class=\"rt-holder tpg-post-holder\">\n\t\t<div class=\"rt-detail rt-el-content-wrapper\">\n\t\t\t\t\t\t\t<div class=\"rt-img-holder tpg-el-image-wrap has-thumbnail\">\n\t\t\t\t\t<a data-id=\"15053\" href=\"https:\/\/codeaura.ai\/fr\/why-lift-and-shift-is-a-financial-decision-not-a-technical-one\/\" class=\"tpg-post-link\" target=\"_self\">\t\t\t\t\t\t<img loading=\"lazy\" decoding=\"async\" src=\"https:\/\/codeaura.ai\/wp-content\/uploads\/2026\/02\/Why-Lift-and-Shift-Is-a-Financial-Decision-Not-a-Technical-One-768x428.jpg\"\n\t\t\t\t\t\t\t class=\"rt-img-responsive\"\n\t\t\t\t\t\t\t width=\"768\"\n\t\t\t\t\t\t\t height=\"428\"\n\t\t\t\t\t\t\t alt=\"Why \u201cLift-and-Shift\u201d Is a Financial Decision, Not a Technical One\">\n\t\t\t\t\t\t\n\t\t\t\t\t\t\t\n\t\t<\/a>\n\t\t\t\t<div class=\"overlay grid-hover-content\"><\/div>\n\t\t\t\t\t\t<\/div>\n\t\t\t\n\t\t\t<div class=\"entry-title-wrapper\"><h3 class=\"entry-title\"><a data-id=\"15053\" href=\"https:\/\/codeaura.ai\/fr\/why-lift-and-shift-is-a-financial-decision-not-a-technical-one\/\" class=\"tpg-post-link\" target=\"_self\">Why \u201cLift-and-Shift\u201d Is a Financial Decision, Not a Technical One<\/a><\/h3><\/div>\n\t\t\t\n\t\t\t\n\t\t\t\t\t<div class=\"post-footer\">\n\t\t\t<div class=\"post-footer\">\n\t\t\t\t<div class=\"read-more\">\n\t\t\t\t\t<a data-id=\"15053\" href=\"https:\/\/codeaura.ai\/fr\/why-lift-and-shift-is-a-financial-decision-not-a-technical-one\/\" class=\"tpg-post-link\" target=\"_self\">Lire la suite<\/a>\t\t\t\t<\/div>\n\t\t\t<\/div>\n\t\t<\/div>\n\t\t\t\t<\/div>\n\t<\/div>\n<\/div>\n\n<div class=\"rt-col-md-4 rt-col-sm-6 rt-col-xs-12 default rt-grid-item\" data-id=\"15046\">\n\t<div class=\"rt-holder tpg-post-holder\">\n\t\t<div class=\"rt-detail rt-el-content-wrapper\">\n\t\t\t\t\t\t\t<div class=\"rt-img-holder tpg-el-image-wrap has-thumbnail\">\n\t\t\t\t\t<a data-id=\"15046\" href=\"https:\/\/codeaura.ai\/fr\/what-developers-actually-need-from-modernization-platforms-and-why-most-tools-miss-the-mark\/\" class=\"tpg-post-link\" target=\"_self\">\t\t\t\t\t\t<img loading=\"lazy\" decoding=\"async\" src=\"https:\/\/codeaura.ai\/wp-content\/uploads\/2026\/02\/What-Developers-Actually-Need-From-Modernization-Platforms-And-Why-Most-Tools-Miss-the-Mark-768x428.jpg\"\n\t\t\t\t\t\t\t class=\"rt-img-responsive\"\n\t\t\t\t\t\t\t width=\"768\"\n\t\t\t\t\t\t\t height=\"428\"\n\t\t\t\t\t\t\t alt=\"What Developers Actually Need From Modernization Platforms (And Why Most Tools Miss the Mark)\">\n\t\t\t\t\t\t\n\t\t\t\t\t\t\t\n\t\t<\/a>\n\t\t\t\t<div class=\"overlay grid-hover-content\"><\/div>\n\t\t\t\t\t\t<\/div>\n\t\t\t\n\t\t\t<div class=\"entry-title-wrapper\"><h3 class=\"entry-title\"><a data-id=\"15046\" href=\"https:\/\/codeaura.ai\/fr\/what-developers-actually-need-from-modernization-platforms-and-why-most-tools-miss-the-mark\/\" class=\"tpg-post-link\" target=\"_self\">What Developers Actually Need From Modernization Platforms (And Why Most Tools Miss the Mark)<\/a><\/h3><\/div>\n\t\t\t\n\t\t\t\n\t\t\t\t\t<div class=\"post-footer\">\n\t\t\t<div class=\"post-footer\">\n\t\t\t\t<div class=\"read-more\">\n\t\t\t\t\t<a data-id=\"15046\" href=\"https:\/\/codeaura.ai\/fr\/what-developers-actually-need-from-modernization-platforms-and-why-most-tools-miss-the-mark\/\" class=\"tpg-post-link\" target=\"_self\">Lire la suite<\/a>\t\t\t\t<\/div>\n\t\t\t<\/div>\n\t\t<\/div>\n\t\t\t\t<\/div>\n\t<\/div>\n<\/div>\n\n<div class=\"rt-col-md-4 rt-col-sm-6 rt-col-xs-12 default rt-grid-item\" data-id=\"15039\">\n\t<div class=\"rt-holder tpg-post-holder\">\n\t\t<div class=\"rt-detail rt-el-content-wrapper\">\n\t\t\t\t\t\t\t<div class=\"rt-img-holder tpg-el-image-wrap has-thumbnail\">\n\t\t\t\t\t<a data-id=\"15039\" href=\"https:\/\/codeaura.ai\/fr\/modernization-isnt-a-technical-problem-its-a-knowledge-supply-chain-problem\/\" class=\"tpg-post-link\" target=\"_self\">\t\t\t\t\t\t<img loading=\"lazy\" decoding=\"async\" src=\"https:\/\/codeaura.ai\/wp-content\/uploads\/2026\/03\/Modernization-Isnt-a-Technical-Problem-\u2014-Its-a-Knowledge-Supply-Chain-Problem-1-768x512.jpg\"\n\t\t\t\t\t\t\t class=\"rt-img-responsive\"\n\t\t\t\t\t\t\t width=\"768\"\n\t\t\t\t\t\t\t height=\"512\"\n\t\t\t\t\t\t\t alt=\"Modernization Isn\u2019t a Technical Problem \u2014 It\u2019s a Knowledge Supply Chain Problem\">\n\t\t\t\t\t\t\n\t\t\t\t\t\t\t\n\t\t<\/a>\n\t\t\t\t<div class=\"overlay grid-hover-content\"><\/div>\n\t\t\t\t\t\t<\/div>\n\t\t\t\n\t\t\t<div class=\"entry-title-wrapper\"><h3 class=\"entry-title\"><a data-id=\"15039\" href=\"https:\/\/codeaura.ai\/fr\/modernization-isnt-a-technical-problem-its-a-knowledge-supply-chain-problem\/\" class=\"tpg-post-link\" target=\"_self\">Modernization Isn\u2019t a Technical Problem \u2014 It\u2019s a Knowledge Supply Chain Problem<\/a><\/h3><\/div>\n\t\t\t\n\t\t\t\n\t\t\t\t\t<div class=\"post-footer\">\n\t\t\t<div class=\"post-footer\">\n\t\t\t\t<div class=\"read-more\">\n\t\t\t\t\t<a data-id=\"15039\" href=\"https:\/\/codeaura.ai\/fr\/modernization-isnt-a-technical-problem-its-a-knowledge-supply-chain-problem\/\" class=\"tpg-post-link\" target=\"_self\">Lire la suite<\/a>\t\t\t\t<\/div>\n\t\t\t<\/div>\n\t\t<\/div>\n\t\t\t\t<\/div>\n\t<\/div>\n<\/div>\n\n<div class=\"rt-col-md-4 rt-col-sm-6 rt-col-xs-12 default rt-grid-item\" data-id=\"15029\">\n\t<div class=\"rt-holder tpg-post-holder\">\n\t\t<div class=\"rt-detail rt-el-content-wrapper\">\n\t\t\t\t\t\t\t<div class=\"rt-img-holder tpg-el-image-wrap has-thumbnail\">\n\t\t\t\t\t<a data-id=\"15029\" href=\"https:\/\/codeaura.ai\/fr\/how-ai-changes-the-economics-of-legacy-modernization-deals\/\" class=\"tpg-post-link\" target=\"_self\">\t\t\t\t\t\t<img loading=\"lazy\" decoding=\"async\" src=\"https:\/\/codeaura.ai\/wp-content\/uploads\/2026\/03\/How-AI-Changes-the-Economics-of-Legacy-Modernization-Deals-1-768x419.jpg\"\n\t\t\t\t\t\t\t class=\"rt-img-responsive\"\n\t\t\t\t\t\t\t width=\"768\"\n\t\t\t\t\t\t\t height=\"419\"\n\t\t\t\t\t\t\t alt=\"How AI Changes the Economics of Legacy Modernization Deals\">\n\t\t\t\t\t\t\n\t\t\t\t\t\t\t\n\t\t<\/a>\n\t\t\t\t<div class=\"overlay grid-hover-content\"><\/div>\n\t\t\t\t\t\t<\/div>\n\t\t\t\n\t\t\t<div class=\"entry-title-wrapper\"><h3 class=\"entry-title\"><a data-id=\"15029\" href=\"https:\/\/codeaura.ai\/fr\/how-ai-changes-the-economics-of-legacy-modernization-deals\/\" class=\"tpg-post-link\" target=\"_self\">How AI Changes the Economics of Legacy Modernization Deals<\/a><\/h3><\/div>\n\t\t\t\n\t\t\t\n\t\t\t\t\t<div class=\"post-footer\">\n\t\t\t<div class=\"post-footer\">\n\t\t\t\t<div class=\"read-more\">\n\t\t\t\t\t<a data-id=\"15029\" href=\"https:\/\/codeaura.ai\/fr\/how-ai-changes-the-economics-of-legacy-modernization-deals\/\" class=\"tpg-post-link\" target=\"_self\">Lire la suite<\/a>\t\t\t\t<\/div>\n\t\t\t<\/div>\n\t\t<\/div>\n\t\t\t\t<\/div>\n\t<\/div>\n<\/div>\n\n<div class=\"rt-col-md-4 rt-col-sm-6 rt-col-xs-12 default rt-grid-item\" data-id=\"15017\">\n\t<div class=\"rt-holder tpg-post-holder\">\n\t\t<div class=\"rt-detail rt-el-content-wrapper\">\n\t\t\t\t\t\t\t<div class=\"rt-img-holder tpg-el-image-wrap has-thumbnail\">\n\t\t\t\t\t<a data-id=\"15017\" href=\"https:\/\/codeaura.ai\/fr\/why-code-migration-without-behavioral-validation-is-a-compliance-risk\/\" class=\"tpg-post-link\" target=\"_self\">\t\t\t\t\t\t<img loading=\"lazy\" decoding=\"async\" src=\"https:\/\/codeaura.ai\/wp-content\/uploads\/2026\/02\/Why-Code-Migration-Without-Behavioral-Validation-Is-a-Compliance-Risk-768x384.jpg\"\n\t\t\t\t\t\t\t class=\"rt-img-responsive\"\n\t\t\t\t\t\t\t width=\"768\"\n\t\t\t\t\t\t\t height=\"384\"\n\t\t\t\t\t\t\t alt=\"Why Code Migration Without Behavioral Validation Is a Compliance Risk\">\n\t\t\t\t\t\t\n\t\t\t\t\t\t\t\n\t\t<\/a>\n\t\t\t\t<div class=\"overlay grid-hover-content\"><\/div>\n\t\t\t\t\t\t<\/div>\n\t\t\t\n\t\t\t<div class=\"entry-title-wrapper\"><h3 class=\"entry-title\"><a data-id=\"15017\" href=\"https:\/\/codeaura.ai\/fr\/why-code-migration-without-behavioral-validation-is-a-compliance-risk\/\" class=\"tpg-post-link\" target=\"_self\">Why Code Migration Without Behavioral Validation Is a Compliance Risk<\/a><\/h3><\/div>\n\t\t\t\n\t\t\t\n\t\t\t\t\t<div class=\"post-footer\">\n\t\t\t<div class=\"post-footer\">\n\t\t\t\t<div class=\"read-more\">\n\t\t\t\t\t<a data-id=\"15017\" href=\"https:\/\/codeaura.ai\/fr\/why-code-migration-without-behavioral-validation-is-a-compliance-risk\/\" class=\"tpg-post-link\" target=\"_self\">Lire la suite<\/a>\t\t\t\t<\/div>\n\t\t\t<\/div>\n\t\t<\/div>\n\t\t\t\t<\/div>\n\t<\/div>\n<\/div>\n\n<div class=\"rt-col-md-4 rt-col-sm-6 rt-col-xs-12 default rt-grid-item\" data-id=\"15005\">\n\t<div class=\"rt-holder tpg-post-holder\">\n\t\t<div class=\"rt-detail rt-el-content-wrapper\">\n\t\t\t\t\t\t\t<div class=\"rt-img-holder tpg-el-image-wrap has-thumbnail\">\n\t\t\t\t\t<a data-id=\"15005\" href=\"https:\/\/codeaura.ai\/fr\/the-rise-of-the-system-intelligence-layer-a-new-architectural-primitive-for-enterprises\/\" class=\"tpg-post-link\" target=\"_self\">\t\t\t\t\t\t<img loading=\"lazy\" decoding=\"async\" src=\"https:\/\/codeaura.ai\/wp-content\/uploads\/2026\/02\/The-Rise-of-the-System-Intelligence-Layer-A-New-Architectural-Primitive-for-Enterprises-768x384.jpg\"\n\t\t\t\t\t\t\t class=\"rt-img-responsive\"\n\t\t\t\t\t\t\t width=\"768\"\n\t\t\t\t\t\t\t height=\"384\"\n\t\t\t\t\t\t\t alt=\"The Rise of the \u201cSystem Intelligence Layer\u201d: A New Architectural Primitive for Enterprises\">\n\t\t\t\t\t\t\n\t\t\t\t\t\t\t\n\t\t<\/a>\n\t\t\t\t<div class=\"overlay grid-hover-content\"><\/div>\n\t\t\t\t\t\t<\/div>\n\t\t\t\n\t\t\t<div class=\"entry-title-wrapper\"><h3 class=\"entry-title\"><a data-id=\"15005\" href=\"https:\/\/codeaura.ai\/fr\/the-rise-of-the-system-intelligence-layer-a-new-architectural-primitive-for-enterprises\/\" class=\"tpg-post-link\" target=\"_self\">The Rise of the \u201cSystem Intelligence Layer\u201d: A New Architectural Primitive for Enterprises<\/a><\/h3><\/div>\n\t\t\t\n\t\t\t\n\t\t\t\t\t<div class=\"post-footer\">\n\t\t\t<div class=\"post-footer\">\n\t\t\t\t<div class=\"read-more\">\n\t\t\t\t\t<a data-id=\"15005\" href=\"https:\/\/codeaura.ai\/fr\/the-rise-of-the-system-intelligence-layer-a-new-architectural-primitive-for-enterprises\/\" class=\"tpg-post-link\" target=\"_self\">Lire la suite<\/a>\t\t\t\t<\/div>\n\t\t\t<\/div>\n\t\t<\/div>\n\t\t\t\t<\/div>\n\t<\/div>\n<\/div>\n\t\t\t<\/div>\n\t\t\t<div class='rt-pagination-wrap' data-total-pages='8' data-posts-per-page='9' data-type='pagination'><div class=\"rt-pagination\"><ul class=\"pagination-list\"><li class=\"active\"><span>1<\/span><\/li><li><a data-paged='2' href='https:\/\/codeaura.ai\/fr\/wp-json\/wp\/v2\/pages\/4682\/page\/2\/'>2<\/a><\/li><li><a data-paged='3' href='https:\/\/codeaura.ai\/fr\/wp-json\/wp\/v2\/pages\/4682\/page\/3\/'>3<\/a><\/li><li><a data-paged='4' href='https:\/\/codeaura.ai\/fr\/wp-json\/wp\/v2\/pages\/4682\/page\/4\/'>4<\/a><\/li><li><a data-paged='5' href='https:\/\/codeaura.ai\/fr\/wp-json\/wp\/v2\/pages\/4682\/page\/5\/'>5<\/a><\/li><li><a data-paged='6' href='https:\/\/codeaura.ai\/fr\/wp-json\/wp\/v2\/pages\/4682\/page\/6\/'>6<\/a><\/li><li><a data-paged='7' href='https:\/\/codeaura.ai\/fr\/wp-json\/wp\/v2\/pages\/4682\/page\/7\/'>7<\/a><\/li><li><a data-paged='8' href='https:\/\/codeaura.ai\/fr\/wp-json\/wp\/v2\/pages\/4682\/page\/8\/'>8<\/a><\/li><\/ul><\/div><\/div>\n\t\t<\/div>\n\t\t\t\t<\/div>\n\t\t\t\t<\/div>\n\t\t\t\t\t<\/div>\n\t\t\t\t<\/div>\n\t\t\t\t\t\t\t<\/div>","protected":false},"excerpt":{"rendered":"<p>Empowering Open Source Development: Introducing CodeAura&#8217;s Free Community Version Read More Bridging the Information Gap: Challenges Faced by Non-Technical Middle Managers Read More Enhancing Enterprise Software Development: The Impact and Nuances of AI-Driven Code Generation Read More Navigating Risk in Software Development: The AI-Driven Approach for Managers Read More<\/p>","protected":false},"author":1,"featured_media":0,"parent":0,"menu_order":-1,"comment_status":"closed","ping_status":"closed","template":"","meta":{"_mo_disable_npp":"","footnotes":""},"class_list":["post-4682","page","type-page","status-publish","hentry","entry"],"rttpg_featured_image_url":null,"rttpg_author":{"display_name":"suyash@codevigor.com","author_link":"https:\/\/codeaura.ai\/fr\/author\/suyashcodevigor-com\/"},"rttpg_comment":0,"rttpg_category":"","rttpg_excerpt":"Empowering Open Source Development: Introducing CodeAura&#8217;s Free Community Version Read More Bridging the Information Gap: Challenges Faced by Non-Technical Middle Managers Read More Enhancing Enterprise Software Development: The Impact and Nuances of AI-Driven Code Generation Read More Navigating Risk in Software Development: The AI-Driven Approach for Managers Read More","_links":{"self":[{"href":"https:\/\/codeaura.ai\/fr\/wp-json\/wp\/v2\/pages\/4682","targetHints":{"allow":["GET"]}}],"collection":[{"href":"https:\/\/codeaura.ai\/fr\/wp-json\/wp\/v2\/pages"}],"about":[{"href":"https:\/\/codeaura.ai\/fr\/wp-json\/wp\/v2\/types\/page"}],"author":[{"embeddable":true,"href":"https:\/\/codeaura.ai\/fr\/wp-json\/wp\/v2\/users\/1"}],"replies":[{"embeddable":true,"href":"https:\/\/codeaura.ai\/fr\/wp-json\/wp\/v2\/comments?post=4682"}],"version-history":[{"count":26,"href":"https:\/\/codeaura.ai\/fr\/wp-json\/wp\/v2\/pages\/4682\/revisions"}],"predecessor-version":[{"id":13676,"href":"https:\/\/codeaura.ai\/fr\/wp-json\/wp\/v2\/pages\/4682\/revisions\/13676"}],"wp:attachment":[{"href":"https:\/\/codeaura.ai\/fr\/wp-json\/wp\/v2\/media?parent=4682"}],"curies":[{"name":"wp","href":"https:\/\/api.w.org\/{rel}","templated":true}]}}