{"id":637,"date":"2023-07-26T04:05:14","date_gmt":"2023-07-26T04:05:14","guid":{"rendered":"https:\/\/jthemes.net\/themes\/wp\/martex\/?page_id=637"},"modified":"2025-12-10T18:22:05","modified_gmt":"2025-12-10T18:22:05","slug":"team","status":"publish","type":"page","link":"https:\/\/codeaura.ai\/fr\/team\/","title":{"rendered":"\u00c9quipe"},"content":{"rendered":"<div data-elementor-type=\"wp-page\" data-elementor-id=\"637\" class=\"elementor elementor-637\">\n\t\t\t\t\t\t\t\t\t<section class=\"elementor-section elementor-top-section elementor-element elementor-element-3d32830 gradient-separator elementor-section-boxed elementor-section-height-default elementor-section-height-default\" data-id=\"3d32830\" data-element_type=\"section\" data-settings=\"{&quot;background_background&quot;:&quot;gradient&quot;}\">\n\t\t\t\t\t\t<div class=\"elementor-container elementor-column-gap-default\">\n\t\t\t\t\t<div class=\"elementor-column elementor-col-50 elementor-top-column elementor-element elementor-element-2f14243\" data-id=\"2f14243\" data-element_type=\"column\">\n\t\t\t<div class=\"elementor-widget-wrap elementor-element-populated\">\n\t\t\t\t\t\t\t\t<div class=\"elementor-element elementor-element-c6fe06f elementor-widget elementor-widget-text-editor\" data-id=\"c6fe06f\" data-element_type=\"widget\" data-widget_type=\"text-editor.default\">\n\t\t\t\t<div class=\"elementor-widget-container\">\n\t\t\t<style>\/*! elementor - v3.17.0 - 08-11-2023 *\/\n.elementor-widget-text-editor.elementor-drop-cap-view-stacked .elementor-drop-cap{background-color:#69727d;color:#fff}.elementor-widget-text-editor.elementor-drop-cap-view-framed .elementor-drop-cap{color:#69727d;border:3px solid;background-color:transparent}.elementor-widget-text-editor:not(.elementor-drop-cap-view-default) .elementor-drop-cap{margin-top:8px}.elementor-widget-text-editor:not(.elementor-drop-cap-view-default) .elementor-drop-cap-letter{width:1em;height:1em}.elementor-widget-text-editor .elementor-drop-cap{float:left;text-align:center;line-height:1;font-size:50px}.elementor-widget-text-editor .elementor-drop-cap-letter{display:inline-block}<\/style>\t\t\t\t<h1>Rencontrez Les Fondateurs<\/h1>\t\t\t\t\t\t<\/div>\n\t\t\t\t<\/div>\n\t\t\t\t\t<\/div>\n\t\t<\/div>\n\t\t\t\t<div class=\"elementor-column elementor-col-50 elementor-top-column elementor-element elementor-element-f611d32\" data-id=\"f611d32\" data-element_type=\"column\">\n\t\t\t<div class=\"elementor-widget-wrap elementor-element-populated\">\n\t\t\t\t\t\t\t\t<div class=\"elementor-element elementor-element-a4061a9 elementor-widget elementor-widget-text-editor\" data-id=\"a4061a9\" data-element_type=\"widget\" data-widget_type=\"text-editor.default\">\n\t\t\t\t<div class=\"elementor-widget-container\">\n\t\t\t\t\t\t\t<p style=\"text-align: right;\">CO-FONDATEUR DE CODEAURA<\/p><h3 style=\"text-align: right;\">Shirwan Sumaroo<\/h3>\t\t\t\t\t\t<\/div>\n\t\t\t\t<\/div>\n\t\t\t\t\t<\/div>\n\t\t<\/div>\n\t\t\t\t\t\t\t<\/div>\n\t\t<\/section>\n\t\t\t\t<section class=\"elementor-section elementor-top-section elementor-element elementor-element-53013be3 elementor-section-content-middle content-section content-1 team-statement elementor-section-boxed elementor-section-height-default elementor-section-height-default\" data-id=\"53013be3\" data-element_type=\"section\" data-settings=\"{&quot;background_background&quot;:&quot;classic&quot;}\">\n\t\t\t\t\t\t<div class=\"elementor-container elementor-column-gap-extended\">\n\t\t\t\t\t<div class=\"elementor-column elementor-col-50 elementor-top-column elementor-element elementor-element-3d894b7f\" data-id=\"3d894b7f\" data-element_type=\"column\">\n\t\t\t<div class=\"elementor-widget-wrap elementor-element-populated\">\n\t\t\t\t\t\t\t\t<div class=\"txt-block elementor-element elementor-element-6943dbf0 elementor-widget elementor-widget-content-text\" data-id=\"6943dbf0\" data-element_type=\"widget\" data-widget_type=\"content-text.default\">\n\t\t\t\t<div class=\"elementor-widget-container\">\n\t\t\t\u00ab En tant que co-fondateur de CodeAura, j\u2019ai entam\u00e9 ce voyage avec la vision de combler le foss\u00e9 entre le monde dynamique de la technologie et le domaine strat\u00e9gique du management.\n\nApr\u00e8s plusieurs ann\u00e9es pass\u00e9es dans l\u2019industrie technologique, j\u2019ai constat\u00e9 de pr\u00e8s les d\u00e9fis et incompr\u00e9hensions qui surgissent lorsque les \u00e9quipes techniques et non techniques tentent de collaborer.\n\nCela m\u2019a inspir\u00e9 \u00e0 cr\u00e9er une solution qui non seulement facilite, mais enrichit \u00e9galement le dialogue entre ces deux piliers essentiels de toute entreprise. \u00bb\n<div class=\"icon-section\"><a href=\"https:\/\/www.linkedin.com\/in\/shirwan-sumaroo\" target=\"_blank\" rel=\"noopener\"><img decoding=\"async\" class=\"alignleft wp-image-12079\" src=\"https:\/\/codeaura.ai\/wp-content\/uploads\/2025\/03\/CodeAuralinkedIn.svg\" alt=\"\" width=\"30\" \/><\/a><\/div>\t\t<\/div>\n\t\t\t\t<\/div>\n\t\t\t\t\t<\/div>\n\t\t<\/div>\n\t\t\t\t<div class=\"elementor-column elementor-col-50 elementor-top-column elementor-element elementor-element-4a4653fc\" data-id=\"4a4653fc\" data-element_type=\"column\">\n\t\t\t<div class=\"elementor-widget-wrap elementor-element-populated\">\n\t\t\t\t\t\t\t\t<div class=\"content-1-img elementor-element elementor-element-f1c2ab9 elementor-widget elementor-widget-image\" data-id=\"f1c2ab9\" data-element_type=\"widget\" data-widget_type=\"image.default\">\n\t\t\t\t<div class=\"elementor-widget-container\">\n\t\t\t<style>\/*! elementor - v3.17.0 - 08-11-2023 *\/\n.elementor-widget-image{text-align:center}.elementor-widget-image a{display:inline-block}.elementor-widget-image a img[src$=\".svg\"]{width:48px}.elementor-widget-image img{vertical-align:middle;display:inline-block}<\/style>\t\t\t\t\t\t\t\t\t\t\t\t<img fetchpriority=\"high\" decoding=\"async\" width=\"800\" height=\"863\" src=\"https:\/\/codeaura.ai\/wp-content\/uploads\/2023\/12\/shirwan-profile-picture-small.jpg\" class=\"attachment-large size-large wp-image-11734\" alt=\"\" style=\"width:100%;height:107.88%;max-width:800px\" \/>\t\t\t\t\t\t\t\t\t\t\t\t\t\t\t<\/div>\n\t\t\t\t<\/div>\n\t\t\t\t\t<\/div>\n\t\t<\/div>\n\t\t\t\t\t\t\t<\/div>\n\t\t<\/section>\n\t\t\t\t<section class=\"elementor-section elementor-top-section elementor-element elementor-element-2406883 gradient-separator elementor-section-boxed elementor-section-height-default elementor-section-height-default\" data-id=\"2406883\" data-element_type=\"section\" data-settings=\"{&quot;background_background&quot;:&quot;gradient&quot;}\">\n\t\t\t\t\t\t<div class=\"elementor-container elementor-column-gap-default\">\n\t\t\t\t\t<div class=\"elementor-column elementor-col-100 elementor-top-column elementor-element elementor-element-56b3bdf\" data-id=\"56b3bdf\" data-element_type=\"column\">\n\t\t\t<div class=\"elementor-widget-wrap elementor-element-populated\">\n\t\t\t\t\t\t\t\t<div class=\"elementor-element elementor-element-e0bd0e6 elementor-widget elementor-widget-text-editor\" data-id=\"e0bd0e6\" data-element_type=\"widget\" data-widget_type=\"text-editor.default\">\n\t\t\t\t<div class=\"elementor-widget-container\">\n\t\t\t\t\t\t\t<p style=\"text-align: left;\">CO-FONDATEUR DE CODEAURA<\/p><h3 style=\"text-align: left;\">Suyash Sumaroo<\/h3>\t\t\t\t\t\t<\/div>\n\t\t\t\t<\/div>\n\t\t\t\t\t<\/div>\n\t\t<\/div>\n\t\t\t\t\t\t\t<\/div>\n\t\t<\/section>\n\t\t\t\t<section class=\"elementor-section elementor-top-section elementor-element elementor-element-5fc58cd elementor-section-content-middle content-section content-1 team-statement elementor-section-boxed elementor-section-height-default elementor-section-height-default\" data-id=\"5fc58cd\" data-element_type=\"section\" data-settings=\"{&quot;background_background&quot;:&quot;classic&quot;}\">\n\t\t\t\t\t\t<div class=\"elementor-container elementor-column-gap-extended\">\n\t\t\t\t\t<div class=\"elementor-column elementor-col-50 elementor-top-column elementor-element elementor-element-df071d7\" data-id=\"df071d7\" data-element_type=\"column\">\n\t\t\t<div class=\"elementor-widget-wrap elementor-element-populated\">\n\t\t\t\t\t\t\t\t<div class=\"content-1-img elementor-element elementor-element-0f7966d elementor-widget elementor-widget-image\" data-id=\"0f7966d\" data-element_type=\"widget\" data-widget_type=\"image.default\">\n\t\t\t\t<div class=\"elementor-widget-container\">\n\t\t\t\t\t\t\t\t\t\t\t\t\t\t\t<img decoding=\"async\" width=\"1024\" height=\"969\" src=\"https:\/\/codeaura.ai\/wp-content\/uploads\/2024\/03\/suyash-codeaura-1024x969.jpg\" class=\"attachment-large size-large wp-image-12074\" alt=\"\" style=\"width:100%;height:94.67%;max-width:2365px\" \/>\t\t\t\t\t\t\t\t\t\t\t\t\t\t\t<\/div>\n\t\t\t\t<\/div>\n\t\t\t\t\t<\/div>\n\t\t<\/div>\n\t\t\t\t<div class=\"elementor-column elementor-col-50 elementor-top-column elementor-element elementor-element-da1cf64\" data-id=\"da1cf64\" data-element_type=\"column\">\n\t\t\t<div class=\"elementor-widget-wrap elementor-element-populated\">\n\t\t\t\t\t\t\t\t<div class=\"txt-block elementor-element elementor-element-bc27607 elementor-widget elementor-widget-content-text\" data-id=\"bc27607\" data-element_type=\"widget\" data-widget_type=\"content-text.default\">\n\t\t\t\t<div class=\"elementor-widget-container\">\n\t\t\t\u00ab En tant que co-fondateur technique, j\u2019ai travaill\u00e9 sur des dizaines de projets, en d\u00e9veloppant et en dirigeant des \u00e9quipes. Cela m\u2019a permis d\u2019analyser et de comprendre les limites du cycle de vie actuel du d\u00e9veloppement logiciel.\n\nCela a ouvert la voie \u00e0 l\u2019\u00e9laboration de la feuille de route de CodeAura, avec pour objectif de r\u00e9pondre \u00e0 ces probl\u00e9matiques, voire d\u2019aller plus loin en repensant enti\u00e8rement la mani\u00e8re dont les logiciels sont con\u00e7us dans les environnements traditionnels de startups et d\u2019entreprises. \u00bb\n\n<div class=\"icon-section\"><a href=\"https:\/\/www.linkedin.com\/in\/suyashsumaroo\" target=\"_blank\" rel=\"noopener\"><img decoding=\"async\" class=\"alignleft wp-image-12079\" src=\"https:\/\/codeaura.ai\/wp-content\/uploads\/2025\/03\/CodeAuralinkedIn.svg\" alt=\"\" width=\"25\" \/><\/a><\/div>\t\t<\/div>\n\t\t\t\t<\/div>\n\t\t\t\t\t<\/div>\n\t\t<\/div>\n\t\t\t\t\t\t\t<\/div>\n\t\t<\/section>\n\t\t\t\t<section class=\"elementor-section elementor-top-section elementor-element elementor-element-c945959 gradient-separator elementor-section-boxed elementor-section-height-default elementor-section-height-default\" data-id=\"c945959\" data-element_type=\"section\" data-settings=\"{&quot;background_background&quot;:&quot;gradient&quot;}\">\n\t\t\t\t\t\t<div class=\"elementor-container elementor-column-gap-default\">\n\t\t\t\t\t<div class=\"elementor-column elementor-col-50 elementor-top-column elementor-element elementor-element-30ac4bc\" data-id=\"30ac4bc\" data-element_type=\"column\">\n\t\t\t<div class=\"elementor-widget-wrap elementor-element-populated\">\n\t\t\t\t\t\t\t\t<div class=\"elementor-element elementor-element-154613d elementor-widget elementor-widget-text-editor\" data-id=\"154613d\" data-element_type=\"widget\" data-widget_type=\"text-editor.default\">\n\t\t\t\t<div class=\"elementor-widget-container\">\n\t\t\t\t\t\t\t<h1>Advisors<\/h1>\t\t\t\t\t\t<\/div>\n\t\t\t\t<\/div>\n\t\t\t\t\t<\/div>\n\t\t<\/div>\n\t\t\t\t<div class=\"elementor-column elementor-col-50 elementor-top-column elementor-element elementor-element-5150dae\" data-id=\"5150dae\" data-element_type=\"column\">\n\t\t\t<div class=\"elementor-widget-wrap elementor-element-populated\">\n\t\t\t\t\t\t\t\t<div class=\"elementor-element elementor-element-24705ac elementor-widget elementor-widget-text-editor\" data-id=\"24705ac\" data-element_type=\"widget\" data-widget_type=\"text-editor.default\">\n\t\t\t\t<div class=\"elementor-widget-container\">\n\t\t\t\t\t\t\t<p style=\"text-align: right;\">MANAGING PARTNER, FORUM VENTURES<\/p><h3 style=\"text-align: right;\">Jonah Midanik<\/h3>\t\t\t\t\t\t<\/div>\n\t\t\t\t<\/div>\n\t\t\t\t\t<\/div>\n\t\t<\/div>\n\t\t\t\t\t\t\t<\/div>\n\t\t<\/section>\n\t\t\t\t<section class=\"elementor-section elementor-top-section elementor-element elementor-element-4f3d551 elementor-section-content-middle content-section content-1 team-statement elementor-section-boxed elementor-section-height-default elementor-section-height-default\" data-id=\"4f3d551\" data-element_type=\"section\" data-settings=\"{&quot;background_background&quot;:&quot;classic&quot;}\">\n\t\t\t\t\t\t<div class=\"elementor-container elementor-column-gap-extended\">\n\t\t\t\t\t<div class=\"elementor-column elementor-col-50 elementor-top-column elementor-element elementor-element-7b38874\" data-id=\"7b38874\" data-element_type=\"column\">\n\t\t\t<div class=\"elementor-widget-wrap elementor-element-populated\">\n\t\t\t\t\t\t\t\t<div class=\"txt-block elementor-element elementor-element-dfaad7d advisor-section-start elementor-widget elementor-widget-content-text\" data-id=\"dfaad7d\" data-element_type=\"widget\" data-widget_type=\"content-text.default\">\n\t\t\t\t<div class=\"elementor-widget-container\">\n\t\t\tJonah has spent the last twenty years building companies in the Canada and US as a serial entrepreneur. He has been lucky enough to have seen the startup journey from a variety of perspectives: as a successful bootstrapped founder\/CEO, having helped launch new corporate divisions at BigCo, and as the founder\/CEO of Limelight, a Venture backed company. Jonah currently spends his time helping companies grow with Forum Ventures as the COO and General Partner.\n\nIn supporting over 60 founders per year, he has carved out a niche in the market of teaching founders how to build and deliver pitch decks proven to raise capital, even being featured on this topic at Collision 2022.\n<div class=\"icon-section\"><a href=\"https:\/\/www.linkedin.com\/in\/jonahmidanik\" target=\"_blank\" rel=\"noopener\"><img decoding=\"async\" class=\"alignleft wp-image-12079\" src=\"https:\/\/codeaura.ai\/wp-content\/uploads\/2025\/03\/CodeAuralinkedIn.svg\" alt=\"\" width=\"30\" \/><\/a><\/div>\t\t<\/div>\n\t\t\t\t<\/div>\n\t\t\t\t\t<\/div>\n\t\t<\/div>\n\t\t\t\t<div class=\"elementor-column elementor-col-50 elementor-top-column elementor-element elementor-element-4c2aa9d\" data-id=\"4c2aa9d\" data-element_type=\"column\">\n\t\t\t<div class=\"elementor-widget-wrap elementor-element-populated\">\n\t\t\t\t\t\t\t\t<div class=\"content-1-img elementor-element elementor-element-12aae30 elementor-widget elementor-widget-image\" data-id=\"12aae30\" data-element_type=\"widget\" data-widget_type=\"image.default\">\n\t\t\t\t<div class=\"elementor-widget-container\">\n\t\t\t\t\t\t\t\t\t\t\t\t\t\t\t<img decoding=\"async\" width=\"1024\" height=\"1024\" src=\"https:\/\/codeaura.ai\/wp-content\/uploads\/2025\/03\/jonah-forum-ventures-1024x1024.jpg\" class=\"attachment-large size-large wp-image-14228\" alt=\"\" style=\"width:100%;height:100%;max-width:1080px\" \/>\t\t\t\t\t\t\t\t\t\t\t\t\t\t\t<\/div>\n\t\t\t\t<\/div>\n\t\t\t\t\t<\/div>\n\t\t<\/div>\n\t\t\t\t\t\t\t<\/div>\n\t\t<\/section>\n\t\t\t\t<section class=\"elementor-section elementor-top-section elementor-element elementor-element-b4e4d6a gradient-separator elementor-section-boxed elementor-section-height-default elementor-section-height-default\" data-id=\"b4e4d6a\" data-element_type=\"section\" data-settings=\"{&quot;background_background&quot;:&quot;gradient&quot;}\">\n\t\t\t\t\t\t<div class=\"elementor-container elementor-column-gap-default\">\n\t\t\t\t\t<div class=\"elementor-column elementor-col-50 elementor-top-column elementor-element elementor-element-691625d\" data-id=\"691625d\" data-element_type=\"column\">\n\t\t\t<div class=\"elementor-widget-wrap elementor-element-populated\">\n\t\t\t\t\t\t\t\t<div class=\"elementor-element elementor-element-81456ab elementor-widget elementor-widget-text-editor\" data-id=\"81456ab\" data-element_type=\"widget\" data-widget_type=\"text-editor.default\">\n\t\t\t\t<div class=\"elementor-widget-container\">\n\t\t\t\t\t\t\t<h1>GTM Team<\/h1>\t\t\t\t\t\t<\/div>\n\t\t\t\t<\/div>\n\t\t\t\t\t<\/div>\n\t\t<\/div>\n\t\t\t\t<div class=\"elementor-column elementor-col-50 elementor-top-column elementor-element elementor-element-ca0a304\" data-id=\"ca0a304\" data-element_type=\"column\">\n\t\t\t<div class=\"elementor-widget-wrap elementor-element-populated\">\n\t\t\t\t\t\t\t\t<div class=\"elementor-element elementor-element-124118d elementor-widget elementor-widget-text-editor\" data-id=\"124118d\" data-element_type=\"widget\" data-widget_type=\"text-editor.default\">\n\t\t\t\t<div class=\"elementor-widget-container\">\n\t\t\t\t\t\t\t\t\t\t\t\t\t<\/div>\n\t\t\t\t<\/div>\n\t\t\t\t\t<\/div>\n\t\t<\/div>\n\t\t\t\t\t\t\t<\/div>\n\t\t<\/section>\n\t\t<div class=\"elementor-element elementor-element-9351eb4 e-flex e-con-boxed e-con e-parent\" data-id=\"9351eb4\" data-element_type=\"container\" data-settings=\"{&quot;content_width&quot;:&quot;boxed&quot;}\" data-core-v316-plus=\"true\">\n\t\t\t\t\t<div class=\"e-con-inner\">\n\t\t<div class=\"elementor-element elementor-element-b842eb5 e-con-full e-flex e-con e-child\" data-id=\"b842eb5\" data-element_type=\"container\" data-settings=\"{&quot;content_width&quot;:&quot;full&quot;}\">\n\t\t\t\t<div class=\"elementor-element elementor-element-2611e5c elementor-widget elementor-widget-image\" data-id=\"2611e5c\" data-element_type=\"widget\" data-widget_type=\"image.default\">\n\t\t\t\t<div class=\"elementor-widget-container\">\n\t\t\t\t\t\t\t\t\t\t\t\t\t\t\t<img loading=\"lazy\" decoding=\"async\" width=\"300\" height=\"300\" src=\"https:\/\/codeaura.ai\/wp-content\/uploads\/2025\/12\/daniel-raish-profile-300x300.jpg\" class=\"elementor-animation-grow attachment-medium size-medium wp-image-14887\" alt=\"Daniel Raisch\" style=\"width:100%;height:100%;max-width:1000px\" \/>\t\t\t\t\t\t\t\t\t\t\t\t\t\t\t<\/div>\n\t\t\t\t<\/div>\n\t\t\t\t<div class=\"elementor-element elementor-element-b30ed0f elementor-widget elementor-widget-text-editor\" data-id=\"b30ed0f\" data-element_type=\"widget\" data-widget_type=\"text-editor.default\">\n\t\t\t\t<div class=\"elementor-widget-container\">\n\t\t\t\t\t\t\t<p style=\"text-align: center;\"><strong>Daniel Raisch<\/strong><\/p>\n<p style=\"text-align: center;\">Enterprise Architect and Business Developer<\/p>\n<p style=\"text-align: center;\"><a href=\"https:\/\/www.linkedin.com\/in\/danielraisch\" target=\"_blank\" rel=\"noopener\"><img decoding=\"async\" class=\"wp-image-12079 aligncenter\" src=\"https:\/\/codeaura.ai\/wp-content\/uploads\/2025\/03\/CodeAuralinkedIn.svg\" alt=\"\" width=\"30\" \/><\/a><\/p>\t\t\t\t\t\t<\/div>\n\t\t\t\t<\/div>\n\t\t\t\t<\/div>\n\t\t<div class=\"elementor-element elementor-element-5baf46e e-con-full e-flex e-con e-child\" data-id=\"5baf46e\" data-element_type=\"container\" data-settings=\"{&quot;content_width&quot;:&quot;full&quot;}\">\n\t\t\t\t<div class=\"txt-block elementor-element elementor-element-36c5fb4 elementor-widget elementor-widget-content-text\" data-id=\"36c5fb4\" data-element_type=\"widget\" data-widget_type=\"content-text.default\">\n\t\t\t\t<div class=\"elementor-widget-container\">\n\t\t\t<div style=\"font-weight: 200;font-size: 10px\">\n<p>Daniel Raisch is a senior technology executive with more than 35 years of experience guiding enterprises through Mainframe and Cloud modernization.<\/p>\n\n<p>Known for his strategic vision and executive leadership, he has driven transformation initiatives at IBM, AWS, and global software companies across LATAM, EMEA, and the US.\nDaniel works closely with C-level teams to translate business goals into technology strategies that increase agility, reduce operational costs, and accelerate digital innovation.<\/p>\n\n<p>Throughout his career, he has led technical organizations, shaped market expansion initiatives, and delivered modernization programs for some of the world\u2019s most demanding enterprise environments.\nToday, Daniel leads global pre-sales strategy and business development, helping organizations adopt modern architectures that strengthen performance, resilience, and long-term business value.<\/p>\n<\/div>\t\t<\/div>\n\t\t\t\t<\/div>\n\t\t\t\t<\/div>\n\t\t\t\t\t<\/div>\n\t\t\t\t<\/div>\n\t\t\t\t\t\t\t<\/div>","protected":false},"excerpt":{"rendered":"<p>Meet The Founders CO-FOUNDER AT CODEAURA Shirwan Sumaroo As the co-founder of CodeAura, I embarked on this journey with a vision to bridge the gap between the dynamic world of technology and the strategic realm of management. Having spent years in the tech industry, I witnessed firsthand the challenges and misunderstandings that arise when technical&hellip;<\/p>","protected":false},"author":1,"featured_media":0,"parent":0,"menu_order":0,"comment_status":"closed","ping_status":"closed","template":"","meta":{"_mo_disable_npp":"","footnotes":""},"class_list":["post-637","page","type-page","status-publish","hentry","entry"],"rttpg_featured_image_url":null,"rttpg_author":{"display_name":"suyash@codevigor.com","author_link":"https:\/\/codeaura.ai\/fr\/author\/suyashcodevigor-com\/"},"rttpg_comment":0,"rttpg_category":null,"rttpg_excerpt":"Meet The Founders CO-FOUNDER AT CODEAURA Shirwan Sumaroo As the co-founder of CodeAura, I embarked on this journey with a vision to bridge the gap between the dynamic world of technology and the strategic realm of management. Having spent years in the tech industry, I witnessed firsthand the challenges and misunderstandings that arise when technical&hellip;","_links":{"self":[{"href":"https:\/\/codeaura.ai\/fr\/wp-json\/wp\/v2\/pages\/637","targetHints":{"allow":["GET"]}}],"collection":[{"href":"https:\/\/codeaura.ai\/fr\/wp-json\/wp\/v2\/pages"}],"about":[{"href":"https:\/\/codeaura.ai\/fr\/wp-json\/wp\/v2\/types\/page"}],"author":[{"embeddable":true,"href":"https:\/\/codeaura.ai\/fr\/wp-json\/wp\/v2\/users\/1"}],"replies":[{"embeddable":true,"href":"https:\/\/codeaura.ai\/fr\/wp-json\/wp\/v2\/comments?post=637"}],"version-history":[{"count":287,"href":"https:\/\/codeaura.ai\/fr\/wp-json\/wp\/v2\/pages\/637\/revisions"}],"predecessor-version":[{"id":14975,"href":"https:\/\/codeaura.ai\/fr\/wp-json\/wp\/v2\/pages\/637\/revisions\/14975"}],"wp:attachment":[{"href":"https:\/\/codeaura.ai\/fr\/wp-json\/wp\/v2\/media?parent=637"}],"curies":[{"name":"wp","href":"https:\/\/api.w.org\/{rel}","templated":true}]}}