{"id":645,"date":"2023-07-26T04:08:03","date_gmt":"2023-07-26T04:08:03","guid":{"rendered":"https:\/\/jthemes.net\/themes\/wp\/martex\/?page_id=645"},"modified":"2024-03-26T03:37:47","modified_gmt":"2024-03-26T03:37:47","slug":"contact-us","status":"publish","type":"page","link":"https:\/\/codeaura.ai\/fr\/contact-us\/","title":{"rendered":"Contactez-Nous"},"content":{"rendered":"<div data-elementor-type=\"wp-page\" data-elementor-id=\"645\" class=\"elementor elementor-645\">\n\t\t\t\t\t\t\t\t\t<section class=\"elementor-section elementor-top-section elementor-element elementor-element-c5c930d elementor-section-content-middle elementor-section-boxed elementor-section-height-default elementor-section-height-default\" data-id=\"c5c930d\" data-element_type=\"section\">\n\t\t\t\t\t\t<div class=\"elementor-container elementor-column-gap-no\">\n\t\t\t\t\t<div class=\"elementor-column elementor-col-100 elementor-top-column elementor-element elementor-element-af33213\" data-id=\"af33213\" data-element_type=\"column\">\n\t\t\t<div class=\"elementor-widget-wrap elementor-element-populated\">\n\t\t\t\t\t\t\t\t<section class=\"elementor-section elementor-inner-section elementor-element elementor-element-09be7e2 elementor-section-content-middle elementor-section-boxed elementor-section-height-default elementor-section-height-default\" data-id=\"09be7e2\" data-element_type=\"section\">\n\t\t\t\t\t\t<div class=\"elementor-container elementor-column-gap-extended\">\n\t\t\t\t\t<div class=\"elementor-column elementor-col-33 elementor-inner-column elementor-element elementor-element-5af050e\" data-id=\"5af050e\" data-element_type=\"column\">\n\t\t\t<div class=\"elementor-widget-wrap\">\n\t\t\t\t\t\t\t\t\t<\/div>\n\t\t<\/div>\n\t\t\t\t<div class=\"elementor-column elementor-col-33 elementor-inner-column elementor-element elementor-element-cf70a16\" data-id=\"cf70a16\" data-element_type=\"column\">\n\t\t\t<div class=\"elementor-widget-wrap elementor-element-populated\">\n\t\t\t\t\t\t\t\t<div class=\"section-title mb-70 elementor-element elementor-element-c635457 elementor-widget elementor-widget-section_title\" data-id=\"c635457\" data-element_type=\"widget\" data-widget_type=\"section_title.default\">\n\t\t\t\t<div class=\"elementor-widget-container\">\n\t\t\t<h2 class=\"title-element s-46\">Des questions ? Parlons-en.<\/h2><p class=\"description-element s-21\">Vous souhaitez en savoir plus sur CodeAura, obtenir un devis ou parler \u00e0 un expert ? Faites-nous savoir ce que vous recherchez et nous vous r\u00e9pondrons imm\u00e9diatement.<\/p>\t\t<\/div>\n\t\t\t\t<\/div>\n\t\t\t\t\t<\/div>\n\t\t<\/div>\n\t\t\t\t<div class=\"elementor-column elementor-col-33 elementor-inner-column elementor-element elementor-element-640aa73\" data-id=\"640aa73\" data-element_type=\"column\">\n\t\t\t<div class=\"elementor-widget-wrap\">\n\t\t\t\t\t\t\t\t\t<\/div>\n\t\t<\/div>\n\t\t\t\t\t\t\t<\/div>\n\t\t<\/section>\n\t\t\t\t<section class=\"elementor-section elementor-inner-section elementor-element elementor-element-c8dcc9b elementor-section-boxed elementor-section-height-default elementor-section-height-default\" data-id=\"c8dcc9b\" data-element_type=\"section\" id=\"contacts-1\">\n\t\t\t\t\t\t<div class=\"elementor-container elementor-column-gap-default\">\n\t\t\t\t\t<div class=\"elementor-column elementor-col-33 elementor-inner-column elementor-element elementor-element-2d1cd70\" data-id=\"2d1cd70\" data-element_type=\"column\">\n\t\t\t<div class=\"elementor-widget-wrap\">\n\t\t\t\t\t\t\t\t\t<\/div>\n\t\t<\/div>\n\t\t\t\t<div class=\"elementor-column elementor-col-33 elementor-inner-column elementor-element elementor-element-e078eb8\" data-id=\"e078eb8\" data-element_type=\"column\">\n\t\t\t<div class=\"elementor-widget-wrap elementor-element-populated\">\n\t\t\t\t\t\t\t\t<div class=\"elementor-element elementor-element-9162e20 elementor-widget elementor-widget-shortcode\" data-id=\"9162e20\" data-element_type=\"widget\" data-widget_type=\"shortcode.default\">\n\t\t\t\t<div class=\"elementor-widget-container\">\n\t\t\t\t\t<div class=\"elementor-shortcode\">\n<div class=\"wpcf7 no-js\" id=\"wpcf7-f10804-o1\" lang=\"en-US\" dir=\"ltr\" data-wpcf7-id=\"10804\">\n<div class=\"screen-reader-response\"><p role=\"status\" aria-live=\"polite\" aria-atomic=\"true\"><\/p> <ul><\/ul><\/div>\n<form action=\"\/fr\/wp-json\/wp\/v2\/pages\/645#wpcf7-f10804-o1\" method=\"post\" class=\"wpcf7-form init\" aria-label=\"Contact form\" novalidate=\"novalidate\" data-status=\"init\" data-trp-original-action=\"\/fr\/wp-json\/wp\/v2\/pages\/645#wpcf7-f10804-o1\">\n<fieldset class=\"hidden-fields-container\"><input type=\"hidden\" name=\"_wpcf7\" value=\"10804\" \/><input type=\"hidden\" name=\"_wpcf7_version\" value=\"6.1.1\" \/><input type=\"hidden\" name=\"_wpcf7_locale\" value=\"en_US\" \/><input type=\"hidden\" name=\"_wpcf7_unit_tag\" value=\"wpcf7-f10804-o1\" \/><input type=\"hidden\" name=\"_wpcf7_container_post\" value=\"0\" \/><input type=\"hidden\" name=\"_wpcf7_posted_data_hash\" value=\"\" \/><input type=\"hidden\" name=\"_wpcf7_recaptcha_response\" value=\"\" \/>\n<\/fieldset>\n<div class=\"form-holder\">\n\t<div class=\"row contact-form\">\n\n\t\t<!-- Form Select -->\n\t\t<div class=\"col-md-12 input-subject\"> \n                        <p class=\"p-lg\"> Cette question concerne : <\/p> \n\t\t\t<span>Choisissez un sujet, afin que nous sachions \u00e0 qui envoyer votre demande : <\/span>\n\n                         \n                        <span class=\"wpcf7-form-control-wrap\" data-name=\"txt_question\"><select class=\"wpcf7-form-control wpcf7-select wpcf7-validates-as-required form-select subject\" aria-required=\"true\" aria-invalid=\"false\" name=\"txt_question\"><option value=\"\">&#8212;Please choose an option&#8212;<\/option><option value=\"Enterprise Plan\">Plan Entreprise<\/option><option value=\"Demo\">Demo<\/option><option value=\"Investment\">Investissement<\/option><option value=\"Troubleshooting\">D\u00e9pannage<\/option><option value=\"Student\">\u00c9tudiant<\/option><option value=\"Other\">Autre<\/option><\/select><\/span>  \n\t\t\t \n\t\t<\/div>\n\t\t\t\t\t\t\t\t\t\t\t\t\t\t\t\n\t\t<!-- Contact Form Input -->\n\t\t<div class=\"col-md-12\">\n\t\t\t<p class=\"p-lg\">Votre nom : <\/p>\n\t\t\t<span>Veuillez entrer votre nom. <\/span>\n                        <span class=\"wpcf7-form-control-wrap\" data-name=\"txt_name\"><input size=\"40\" maxlength=\"400\" class=\"wpcf7-form-control wpcf7-text wpcf7-validates-as-required form-control name\" aria-required=\"true\" aria-invalid=\"false\" placeholder=\"Votre nom*\" value=\"\" type=\"text\" name=\"txt_name\" \/><\/span> \n\t\t<\/div>\n\t\t\t\t\t\n\t\t<div  class=\"col-md-12\">\n\t\t\t<p class=\"p-lg\">Votre adresse e-mail : <\/p>\n\t\t\t<span>Veuillez v\u00e9rifier attentivement votre adresse e-mail pour en assurer l'exactitude.<\/span>\n                        <span class=\"wpcf7-form-control-wrap\" data-name=\"txt_email\"><input size=\"40\" maxlength=\"400\" class=\"wpcf7-form-control wpcf7-email wpcf7-validates-as-required wpcf7-text wpcf7-validates-as-email form-control email\" aria-required=\"true\" aria-invalid=\"false\" placeholder=\"Adresse e-mail*\" value=\"\" type=\"email\" name=\"txt_email\" \/><\/span>  \n\t\t<\/div>\n\n\t\t<div class=\"col-md-12\">\n\t\t\t<p class=\"p-lg\">Votre message : <\/p>\n\t\t\t<span>Incluez toute information que vous pensez \u00eatre pertinente pour votre demande.<\/span>\n                        <span class=\"wpcf7-form-control-wrap\" data-name=\"txt_message\"><textarea cols=\"40\" rows=\"10\" maxlength=\"2000\" class=\"wpcf7-form-control wpcf7-textarea form-control message\" aria-invalid=\"false\" placeholder=\"Je souhaite vous contacter concernant...\" name=\"txt_message\"><\/textarea><\/span> \n\t\t<\/div>\n\t\t\t\t\t\t\t\t\t\t\t\t\t\t\t\t\t\t\t\t\t\t\t\t\n\t\t<!-- Contact Form Message -->\n\t\t<div class=\"col-lg-12 contact-form-msg\">\n\t\t\t<span class=\"loading\"><\/span>\n\t\t<\/div>\n\t\t\t\t\t\t\t\t\t\t\t\t\t\t\t\n\t\t<!-- Contact Form Button -->\n\t\t<div class=\"col-md-12 mt-15 form-btn text-right\">\t\n                        <input class=\"wpcf7-form-control wpcf7-submit has-spinner btn btn--theme hover--theme submit\" type=\"submit\" value=\"Submit Request\" \/>\n\t\t<\/div>\n\n\t\t<div class=\"contact-form-notice\">\n\t\t\t<p class=\"p-sm\">We are committed to your privacy. CodeAura uses the information you \n\t\t\t   provide us to contact you about our relevant content, products, and services. \n\t\t\t   You may unsubscribe from these communications at any time. For more information, \n\t\t\t   check out our <a href=\"\/fr\/privacy\/\">Politique De Confidentialit\u00e9<\/a>.\n\t\t\t<\/p>\n\t\t<\/div>\n\t\t\t\t\t\t\t\t\t\t\t\t\t\t\t\t\n\t<\/div>\t\n<\/div><div class=\"wpcf7-response-output\" aria-hidden=\"true\"><\/div>\n<input type=\"hidden\" name=\"trp-form-language\" value=\"fr\"\/><\/form>\n<\/div>\n<\/div>\n\t\t\t\t<\/div>\n\t\t\t\t<\/div>\n\t\t\t\t\t<\/div>\n\t\t<\/div>\n\t\t\t\t<div class=\"elementor-column elementor-col-33 elementor-inner-column elementor-element elementor-element-5a3425b\" data-id=\"5a3425b\" data-element_type=\"column\">\n\t\t\t<div class=\"elementor-widget-wrap\">\n\t\t\t\t\t\t\t\t\t<\/div>\n\t\t<\/div>\n\t\t\t\t\t\t\t<\/div>\n\t\t<\/section>\n\t\t\t\t\t<\/div>\n\t\t<\/div>\n\t\t\t\t\t\t\t<\/div>\n\t\t<\/section>\n\t\t\t\t\t\t\t<\/div>","protected":false},"excerpt":{"rendered":"<p>Questions? Let&#8217;s Talk. Want to learn more about CodeAura, get a quote, or speak with an expert? Let us know what you are looking for and we\u2019ll get back to you right away.<\/p>","protected":false},"author":1,"featured_media":0,"parent":0,"menu_order":0,"comment_status":"closed","ping_status":"closed","template":"","meta":{"_mo_disable_npp":"","footnotes":""},"class_list":["post-645","page","type-page","status-publish","hentry","entry"],"rttpg_featured_image_url":null,"rttpg_author":{"display_name":"suyash@codevigor.com","author_link":"https:\/\/codeaura.ai\/fr\/author\/suyashcodevigor-com\/"},"rttpg_comment":0,"rttpg_category":null,"rttpg_excerpt":"Questions? Let&#8217;s Talk. Want to learn more about CodeAura, get a quote, or speak with an expert? Let us know what you are looking for and we\u2019ll get back to you right away.","_links":{"self":[{"href":"https:\/\/codeaura.ai\/fr\/wp-json\/wp\/v2\/pages\/645","targetHints":{"allow":["GET"]}}],"collection":[{"href":"https:\/\/codeaura.ai\/fr\/wp-json\/wp\/v2\/pages"}],"about":[{"href":"https:\/\/codeaura.ai\/fr\/wp-json\/wp\/v2\/types\/page"}],"author":[{"embeddable":true,"href":"https:\/\/codeaura.ai\/fr\/wp-json\/wp\/v2\/users\/1"}],"replies":[{"embeddable":true,"href":"https:\/\/codeaura.ai\/fr\/wp-json\/wp\/v2\/comments?post=645"}],"version-history":[{"count":12,"href":"https:\/\/codeaura.ai\/fr\/wp-json\/wp\/v2\/pages\/645\/revisions"}],"predecessor-version":[{"id":12365,"href":"https:\/\/codeaura.ai\/fr\/wp-json\/wp\/v2\/pages\/645\/revisions\/12365"}],"wp:attachment":[{"href":"https:\/\/codeaura.ai\/fr\/wp-json\/wp\/v2\/media?parent=645"}],"curies":[{"name":"wp","href":"https:\/\/api.w.org\/{rel}","templated":true}]}}